{"id":98,"date":"2025-04-15T13:27:08","date_gmt":"2025-04-15T17:27:08","guid":{"rendered":"https:\/\/rugra-rdr.com\/?page_id=98"},"modified":"2025-04-15T13:45:31","modified_gmt":"2025-04-15T17:45:31","slug":"uav","status":"publish","type":"page","link":"https:\/\/rugra-rdr.com\/en_en\/uav\/","title":{"rendered":"UAV"},"content":{"rendered":"<figure class=\"wp-block-image aligncenter size-full\"><img data-recalc-dims=\"1\" loading=\"lazy\" decoding=\"async\" width=\"600\" height=\"200\" data-attachment-id=\"102\" data-permalink=\"https:\/\/rugra-rdr.com\/en_en\/uav\/insert-rugra-here-4\/\" data-orig-file=\"https:\/\/i0.wp.com\/rugra-rdr.com\/wp-content\/uploads\/2025\/04\/insert-RUGRA-here-3.png?fit=600%2C200&amp;ssl=1\" data-orig-size=\"600,200\" data-comments-opened=\"1\" data-image-meta=\"{&quot;aperture&quot;:&quot;0&quot;,&quot;credit&quot;:&quot;&quot;,&quot;camera&quot;:&quot;&quot;,&quot;caption&quot;:&quot;&quot;,&quot;created_timestamp&quot;:&quot;0&quot;,&quot;copyright&quot;:&quot;&quot;,&quot;focal_length&quot;:&quot;0&quot;,&quot;iso&quot;:&quot;0&quot;,&quot;shutter_speed&quot;:&quot;0&quot;,&quot;title&quot;:&quot;&quot;,&quot;orientation&quot;:&quot;0&quot;}\" data-image-title=\"insert RUGRA here\" data-image-description=\"\" data-image-caption=\"\" data-large-file=\"https:\/\/i0.wp.com\/rugra-rdr.com\/wp-content\/uploads\/2025\/04\/insert-RUGRA-here-3.png?fit=600%2C200&amp;ssl=1\" src=\"https:\/\/i0.wp.com\/rugra-rdr.com\/wp-content\/uploads\/2025\/04\/insert-RUGRA-here-3.png?resize=600%2C200&#038;ssl=1\" alt=\"\" class=\"wp-image-102\" srcset=\"https:\/\/i0.wp.com\/rugra-rdr.com\/wp-content\/uploads\/2025\/04\/insert-RUGRA-here-3.png?w=600&amp;ssl=1 600w, https:\/\/i0.wp.com\/rugra-rdr.com\/wp-content\/uploads\/2025\/04\/insert-RUGRA-here-3.png?resize=300%2C100&amp;ssl=1 300w\" sizes=\"auto, (max-width: 600px) 100vw, 600px\" \/><\/figure>\n\n\n\n<div class=\"wp-block-group alignfull is-content-justification-center is-layout-constrained wp-container-core-group-is-layout-81aa85af wp-block-group-is-layout-constrained\" style=\"margin-top:0;margin-bottom:0;padding-top:calc( 0.5 * var(--wp--style--root--padding-right, var(--wp--custom--gap--horizontal)));padding-right:var(--wp--style--root--padding-right, var(--wp--custom--gap--horizontal));padding-bottom:calc( 0.5 * var(--wp--style--root--padding-right, var(--wp--custom--gap--horizontal)));padding-left:var(--wp--style--root--padding-left, var(--wp--custom--gap--horizontal))\">\n<h2 class=\"wp-block-heading\">RUGRA develops software and implements customized communication equipment for communications between ground stations and UAVs or between UAVs.<\/h2>\n\n\n\n<figure class=\"wp-block-video wp-block-embed is-type-video is-provider-videopress\"><div class=\"wp-block-embed__wrapper\" style=\"max-width:722px;margin:auto\">\n<div class=\"ast-oembed-container\" style=\"height: 100%;\"><iframe title=\"VideoPress Video Player\" aria-label='VideoPress Video Player' width='500' height='272' src='https:\/\/videopress.com\/embed\/Mm8icACc?cover=1&amp;preloadContent=metadata&amp;useAverageColor=1&amp;hd=0' frameborder='0' allowfullscreen data-resize-to-parent=\"true\" allow='clipboard-write'><\/iframe><script src='https:\/\/v0.wordpress.com\/js\/next\/videopress-iframe.js?m=1739540970'><\/script><\/div>\n<\/div><\/figure>\n\n\n\n<div style=\"height:calc( 0.25 * var(--wp--style--root--padding-right, var(--wp--custom--gap--horizontal)))\" aria-hidden=\"true\" class=\"wp-block-spacer\"><\/div>\n<\/div>\n\n\n\n<div class=\"wp-block-group alignfull is-content-justification-center is-layout-constrained wp-container-core-group-is-layout-81aa85af wp-block-group-is-layout-constrained\" style=\"margin-top:0;margin-bottom:0;padding-top:calc( 0.5 * var(--wp--style--root--padding-right, var(--wp--custom--gap--horizontal)));padding-right:var(--wp--style--root--padding-right, var(--wp--custom--gap--horizontal));padding-bottom:calc( 0.5 * var(--wp--style--root--padding-right, var(--wp--custom--gap--horizontal)));padding-left:var(--wp--style--root--padding-left, var(--wp--custom--gap--horizontal))\">\n<div style=\"height:calc( 0.25 * var(--wp--style--root--padding-right, var(--wp--custom--gap--horizontal)))\" aria-hidden=\"true\" class=\"wp-block-spacer\"><\/div>\n\n\n\n<div style=\"height:calc( 0.25 * var(--wp--style--root--padding-right, var(--wp--custom--gap--horizontal)))\" aria-hidden=\"true\" class=\"wp-block-spacer\"><\/div>\n<\/div>\n\n\n\n<div class=\"wp-block-group alignfull is-content-justification-center is-layout-constrained wp-container-core-group-is-layout-81aa85af wp-block-group-is-layout-constrained\" style=\"margin-top:0;margin-bottom:0;padding-top:calc( 0.5 * var(--wp--style--root--padding-right, var(--wp--custom--gap--horizontal)));padding-right:var(--wp--style--root--padding-right, var(--wp--custom--gap--horizontal));padding-bottom:calc( 0.5 * var(--wp--style--root--padding-right, var(--wp--custom--gap--horizontal)));padding-left:var(--wp--style--root--padding-left, var(--wp--custom--gap--horizontal))\">\n<div style=\"height:calc( 0.25 * var(--wp--style--root--padding-right, var(--wp--custom--gap--horizontal)))\" aria-hidden=\"true\" class=\"wp-block-spacer\"><\/div>\n\n\n\n<div class=\"wp-block-columns alignwide is-layout-flex wp-container-core-columns-is-layout-7387b849 wp-block-columns-is-layout-flex\">\n<div class=\"wp-block-column is-layout-flow wp-block-column-is-layout-flow\" style=\"flex-basis:40%\"><\/div>\n\n\n\n<div class=\"wp-block-column is-layout-flow wp-block-column-is-layout-flow\">\n<h3 class=\"wp-block-heading has-large-font-size\">The hardware that can be integrated into a UAV includes equipment such as:<\/h3>\n\n\n\n<ul class=\"wp-block-list\">\n<li><strong>Video cameras<\/strong><\/li>\n\n\n\n<li><strong>Spectral Monitoring Equipment<\/strong><\/li>\n\n\n\n<li><strong>eSignIt equipment <\/strong><\/li>\n<\/ul>\n\n\n\n<div class=\"wp-block-buttons is-layout-flex wp-block-buttons-is-layout-flex\"><\/div>\n<\/div>\n<\/div>\n\n\n\n<div class=\"wp-block-columns is-layout-flex wp-container-core-columns-is-layout-7387b849 wp-block-columns-is-layout-flex\">\n<div class=\"wp-block-column is-layout-flow wp-block-column-is-layout-flow\" style=\"flex-basis:100%\">\n<figure class=\"wp-block-video aligncenter wp-block-embed is-type-video is-provider-videopress\"><div class=\"wp-block-embed__wrapper\" style=\"max-width:652px;margin:auto\">\n<div class=\"ast-oembed-container\" style=\"height: 100%;\"><iframe title=\"VideoPress Video Player\" aria-label='VideoPress Video Player' width='500' height='282' src='https:\/\/videopress.com\/embed\/ag1sIpFJ?cover=1&amp;preloadContent=metadata&amp;useAverageColor=1&amp;hd=0' frameborder='0' allowfullscreen data-resize-to-parent=\"true\" allow='clipboard-write'><\/iframe><script src='https:\/\/v0.wordpress.com\/js\/next\/videopress-iframe.js?m=1739540970'><\/script><\/div>\n<\/div><\/figure>\n<\/div>\n<\/div>\n\n\n\n<div style=\"height:calc( 0.25 * var(--wp--style--root--padding-right, var(--wp--custom--gap--horizontal)))\" aria-hidden=\"true\" class=\"wp-block-spacer\"><\/div>\n<\/div>","protected":false},"excerpt":{"rendered":"<p>RUGRA desarrolla software e implementa equipos de comunicaci\u00f3n a medida para comunicaciones entre estaciones terrestres y UAV o entre UAV\u00b4s. [&hellip;]<\/p>\n","protected":false},"author":240894959,"featured_media":0,"parent":0,"menu_order":0,"comment_status":"closed","ping_status":"closed","template":"","meta":{"_crdt_document":"","site-sidebar-layout":"default","site-content-layout":"","ast-site-content-layout":"","site-content-style":"default","site-sidebar-style":"default","ast-global-header-display":"","ast-banner-title-visibility":"","ast-main-header-display":"","ast-hfb-above-header-display":"","ast-hfb-below-header-display":"","ast-hfb-mobile-header-display":"","site-post-title":"","ast-breadcrumbs-content":"","ast-featured-img":"","footer-sml-layout":"","theme-transparent-header-meta":"","adv-header-id-meta":"","stick-header-meta":"","header-above-stick-meta":"","header-main-stick-meta":"","header-below-stick-meta":"","astra-migrate-meta-layouts":"default","ast-page-background-enabled":"default","ast-page-background-meta":{"desktop":{"background-color":"var(--ast-global-color-5)","background-image":"","background-repeat":"repeat","background-position":"center center","background-size":"auto","background-attachment":"scroll","background-type":"","background-media":"","overlay-type":"","overlay-color":"","overlay-opacity":"","overlay-gradient":""},"tablet":{"background-color":"","background-image":"","background-repeat":"repeat","background-position":"center center","background-size":"auto","background-attachment":"scroll","background-type":"","background-media":"","overlay-type":"","overlay-color":"","overlay-opacity":"","overlay-gradient":""},"mobile":{"background-color":"","background-image":"","background-repeat":"repeat","background-position":"center center","background-size":"auto","background-attachment":"scroll","background-type":"","background-media":"","overlay-type":"","overlay-color":"","overlay-opacity":"","overlay-gradient":""}},"ast-content-background-meta":{"desktop":{"background-color":"var(--ast-global-color-4)","background-image":"","background-repeat":"repeat","background-position":"center center","background-size":"auto","background-attachment":"scroll","background-type":"","background-media":"","overlay-type":"","overlay-color":"","overlay-opacity":"","overlay-gradient":""},"tablet":{"background-color":"var(--ast-global-color-4)","background-image":"","background-repeat":"repeat","background-position":"center center","background-size":"auto","background-attachment":"scroll","background-type":"","background-media":"","overlay-type":"","overlay-color":"","overlay-opacity":"","overlay-gradient":""},"mobile":{"background-color":"var(--ast-global-color-4)","background-image":"","background-repeat":"repeat","background-position":"center center","background-size":"auto","background-attachment":"scroll","background-type":"","background-media":"","overlay-type":"","overlay-color":"","overlay-opacity":"","overlay-gradient":""}},"advanced_seo_description":"","jetpack_seo_html_title":"","jetpack_seo_noindex":false,"footnotes":""},"class_list":["post-98","page","type-page","status-publish","hentry"],"featured_image_src":null,"jetpack_likes_enabled":true,"jetpack_sharing_enabled":true,"jetpack_shortlink":"https:\/\/wp.me\/Pfbitn-1A","jetpack-related-posts":[{"id":52,"url":"https:\/\/rugra-rdr.com\/en_en\/desarrollos\/","url_meta":{"origin":98,"position":0},"title":"Development","author":"hectormoyaunda","date":"15 de April de 2025","format":false,"excerpt":"Modernizaci\u00f3n de Sistemas de Radar RUGRA ha trabajado en la modernizaci\u00f3n de diversos sistemas de Radar. Los trabajos realizados incluyen reparaci\u00f3n mec\u00e1nica, dise\u00f1o e implementaci\u00f3n de nuevos procesadores de radar, recuperaci\u00f3n y modernizaci\u00f3n de sistemas de radio frecuencia de los sistemas de radar. Software especializado para comunicaci\u00f3n con UAV y\u2026","rel":"","context":"Similar post","block_context":{"text":"Similar post","link":""},"img":{"alt_text":"","src":"https:\/\/i0.wp.com\/rugra-rdr.com\/wp-content\/uploads\/2025\/04\/tpsM2.jpg?resize=350%2C200&ssl=1","width":350,"height":200,"srcset":"https:\/\/i0.wp.com\/rugra-rdr.com\/wp-content\/uploads\/2025\/04\/tpsM2.jpg?resize=350%2C200&ssl=1 1x, https:\/\/i0.wp.com\/rugra-rdr.com\/wp-content\/uploads\/2025\/04\/tpsM2.jpg?resize=525%2C300&ssl=1 1.5x, https:\/\/i0.wp.com\/rugra-rdr.com\/wp-content\/uploads\/2025\/04\/tpsM2.jpg?resize=700%2C400&ssl=1 2x, https:\/\/i0.wp.com\/rugra-rdr.com\/wp-content\/uploads\/2025\/04\/tpsM2.jpg?resize=1050%2C600&ssl=1 3x, https:\/\/i0.wp.com\/rugra-rdr.com\/wp-content\/uploads\/2025\/04\/tpsM2.jpg?resize=1400%2C800&ssl=1 4x"},"classes":[]}],"_links":{"self":[{"href":"https:\/\/rugra-rdr.com\/en_en\/wp-json\/wp\/v2\/pages\/98","targetHints":{"allow":["GET"]}}],"collection":[{"href":"https:\/\/rugra-rdr.com\/en_en\/wp-json\/wp\/v2\/pages"}],"about":[{"href":"https:\/\/rugra-rdr.com\/en_en\/wp-json\/wp\/v2\/types\/page"}],"author":[{"embeddable":true,"href":"https:\/\/rugra-rdr.com\/en_en\/wp-json\/wp\/v2\/users\/240894959"}],"replies":[{"embeddable":true,"href":"https:\/\/rugra-rdr.com\/en_en\/wp-json\/wp\/v2\/comments?post=98"}],"version-history":[{"count":8,"href":"https:\/\/rugra-rdr.com\/en_en\/wp-json\/wp\/v2\/pages\/98\/revisions"}],"predecessor-version":[{"id":112,"href":"https:\/\/rugra-rdr.com\/en_en\/wp-json\/wp\/v2\/pages\/98\/revisions\/112"}],"wp:attachment":[{"href":"https:\/\/rugra-rdr.com\/en_en\/wp-json\/wp\/v2\/media?parent=98"}],"curies":[{"name":"wp","href":"https:\/\/api.w.org\/{rel}","templated":true}]}}