{"id":85,"date":"2025-04-15T12:57:29","date_gmt":"2025-04-15T16:57:29","guid":{"rendered":"https:\/\/rugra-rdr.com\/?page_id=85"},"modified":"2025-04-17T13:31:46","modified_gmt":"2025-04-17T17:31:46","slug":"rugra","status":"publish","type":"page","link":"https:\/\/rugra-rdr.com\/en_en\/","title":{"rendered":"RUGRA"},"content":{"rendered":"<div class=\"wp-block-group alignfull is-style-default is-content-justification-center is-layout-constrained wp-block-group-is-layout-constrained\" style=\"margin-top:0;margin-bottom:0;padding-top:var(--wp--preset--spacing--40);padding-bottom:var(--wp--preset--spacing--40)\">\n<div class=\"wp-block-group alignwide is-layout-flow wp-container-core-group-is-layout-c1908b13 wp-block-group-is-layout-flow\">\n<div class=\"wp-block-group alignwide is-content-justification-left is-layout-constrained wp-container-core-group-is-layout-2fa60633 wp-block-group-is-layout-constrained\">\n<h1 class=\"wp-block-heading alignfull has-text-align-center\" id=\"0-rugra-donde-el-espectro-se-convierte-en-estrategia\"><strong>RUGRA<\/strong>: Where the electromagnetic spectrum becomes strategy.<\/h1>\n<\/div>\n<\/div>\n<\/div>\n\n\n\n<p class=\"wp-block-paragraph\"><\/p>\n\n\n\n<div class=\"wp-block-group alignfull is-style-default is-content-justification-center is-layout-constrained wp-block-group-is-layout-constrained\" style=\"margin-top:0;margin-bottom:0;padding-top:var(--wp--preset--spacing--40);padding-bottom:var(--wp--preset--spacing--40)\">\n<div class=\"wp-block-group alignwide is-layout-flow wp-container-core-group-is-layout-c1908b13 wp-block-group-is-layout-flow\">\n<figure class=\"wp-block-image aligncenter size-full\"><img data-recalc-dims=\"1\" loading=\"lazy\" decoding=\"async\" width=\"600\" height=\"200\" data-attachment-id=\"102\" data-permalink=\"https:\/\/rugra-rdr.com\/en_en\/uav\/insert-rugra-here-4\/\" data-orig-file=\"https:\/\/i0.wp.com\/rugra-rdr.com\/wp-content\/uploads\/2025\/04\/insert-RUGRA-here-3.png?fit=600%2C200&amp;ssl=1\" data-orig-size=\"600,200\" data-comments-opened=\"1\" data-image-meta=\"{&quot;aperture&quot;:&quot;0&quot;,&quot;credit&quot;:&quot;&quot;,&quot;camera&quot;:&quot;&quot;,&quot;caption&quot;:&quot;&quot;,&quot;created_timestamp&quot;:&quot;0&quot;,&quot;copyright&quot;:&quot;&quot;,&quot;focal_length&quot;:&quot;0&quot;,&quot;iso&quot;:&quot;0&quot;,&quot;shutter_speed&quot;:&quot;0&quot;,&quot;title&quot;:&quot;&quot;,&quot;orientation&quot;:&quot;0&quot;}\" data-image-title=\"insert RUGRA here\" data-image-description=\"\" data-image-caption=\"\" data-large-file=\"https:\/\/i0.wp.com\/rugra-rdr.com\/wp-content\/uploads\/2025\/04\/insert-RUGRA-here-3.png?fit=600%2C200&amp;ssl=1\" src=\"https:\/\/i0.wp.com\/rugra-rdr.com\/wp-content\/uploads\/2025\/04\/insert-RUGRA-here-3.png?resize=600%2C200&#038;ssl=1\" alt=\"\" class=\"wp-image-102\" srcset=\"https:\/\/i0.wp.com\/rugra-rdr.com\/wp-content\/uploads\/2025\/04\/insert-RUGRA-here-3.png?w=600&amp;ssl=1 600w, https:\/\/i0.wp.com\/rugra-rdr.com\/wp-content\/uploads\/2025\/04\/insert-RUGRA-here-3.png?resize=300%2C100&amp;ssl=1 300w\" sizes=\"auto, (max-width: 600px) 100vw, 600px\" \/><\/figure>\n\n\n<style>.kb-image85_5bdb86-f4.kb-image-is-ratio-size, .kb-image85_5bdb86-f4 .kb-image-is-ratio-size{max-width:328px;width:100%;}.wp-block-kadence-column > .kt-inside-inner-col > .kb-image85_5bdb86-f4.kb-image-is-ratio-size, .wp-block-kadence-column > .kt-inside-inner-col > .kb-image85_5bdb86-f4 .kb-image-is-ratio-size{align-self:unset;}.kb-image85_5bdb86-f4 figure{max-width:328px;}.kb-image85_5bdb86-f4 .image-is-svg, .kb-image85_5bdb86-f4 .image-is-svg img{width:100%;}.kb-image85_5bdb86-f4 .kb-image-has-overlay:after{opacity:0.3;}<\/style>\n<div class=\"wp-block-kadence-image kb-image85_5bdb86-f4\"><figure class=\"aligncenter size-large\"><img data-recalc-dims=\"1\" loading=\"lazy\" decoding=\"async\" width=\"1024\" height=\"768\" data-attachment-id=\"194\" data-permalink=\"https:\/\/rugra-rdr.com\/en_en\/rugra\/imagen-de-whatsapp-2025-04-16-a-las-12-54-33_5699ff00\/\" data-orig-file=\"https:\/\/i0.wp.com\/rugra-rdr.com\/wp-content\/uploads\/2025\/04\/Imagen-de-WhatsApp-2025-04-16-a-las-12.54.33_5699ff00.jpg?fit=1600%2C1200&amp;ssl=1\" data-orig-size=\"1600,1200\" data-comments-opened=\"1\" data-image-meta=\"{&quot;aperture&quot;:&quot;0&quot;,&quot;credit&quot;:&quot;&quot;,&quot;camera&quot;:&quot;&quot;,&quot;caption&quot;:&quot;&quot;,&quot;created_timestamp&quot;:&quot;0&quot;,&quot;copyright&quot;:&quot;&quot;,&quot;focal_length&quot;:&quot;0&quot;,&quot;iso&quot;:&quot;0&quot;,&quot;shutter_speed&quot;:&quot;0&quot;,&quot;title&quot;:&quot;&quot;,&quot;orientation&quot;:&quot;0&quot;}\" data-image-title=\"Imagen de WhatsApp 2025-04-16 a las 12.54.33_5699ff00\" data-image-description=\"\" data-image-caption=\"\" data-large-file=\"https:\/\/i0.wp.com\/rugra-rdr.com\/wp-content\/uploads\/2025\/04\/Imagen-de-WhatsApp-2025-04-16-a-las-12.54.33_5699ff00.jpg?fit=1024%2C768&amp;ssl=1\" src=\"https:\/\/i0.wp.com\/rugra-rdr.com\/wp-content\/uploads\/2025\/04\/Imagen-de-WhatsApp-2025-04-16-a-las-12.54.33_5699ff00.jpg?resize=1024%2C768&#038;ssl=1\" alt=\"\" class=\"kb-img wp-image-194\" srcset=\"https:\/\/i0.wp.com\/rugra-rdr.com\/wp-content\/uploads\/2025\/04\/Imagen-de-WhatsApp-2025-04-16-a-las-12.54.33_5699ff00.jpg?resize=1024%2C768&amp;ssl=1 1024w, https:\/\/i0.wp.com\/rugra-rdr.com\/wp-content\/uploads\/2025\/04\/Imagen-de-WhatsApp-2025-04-16-a-las-12.54.33_5699ff00.jpg?resize=300%2C225&amp;ssl=1 300w, https:\/\/i0.wp.com\/rugra-rdr.com\/wp-content\/uploads\/2025\/04\/Imagen-de-WhatsApp-2025-04-16-a-las-12.54.33_5699ff00.jpg?resize=768%2C576&amp;ssl=1 768w, https:\/\/i0.wp.com\/rugra-rdr.com\/wp-content\/uploads\/2025\/04\/Imagen-de-WhatsApp-2025-04-16-a-las-12.54.33_5699ff00.jpg?resize=1536%2C1152&amp;ssl=1 1536w, https:\/\/i0.wp.com\/rugra-rdr.com\/wp-content\/uploads\/2025\/04\/Imagen-de-WhatsApp-2025-04-16-a-las-12.54.33_5699ff00.jpg?w=1600&amp;ssl=1 1600w\" sizes=\"auto, (max-width: 1000px) 100vw, 1000px\" \/><\/figure><\/div>\n<\/div>\n\n\n<div style=\"min-height: 285px;; \" class=\"ub_image_slider swiper-container wp-block-ub-image-slider\" id=\"ub_image_slider_16596d74-f575-4281-a584-6e7dd8b0db99\" data-swiper-data='{\"speed\":300,\"spaceBetween\":20,\"slidesPerView\":1,\"loop\":true,\"pagination\":{\"el\": \".swiper-pagination\" , \"type\": \"bullets\", \"clickable\":true},\"navigation\": {\"nextEl\": \".swiper-button-next\", \"prevEl\": \".swiper-button-prev\"}, \"keyboard\": { \"enabled\": true }, \"effect\": \"slide\",\"simulateTouch\":false}'>\n            <div class=\"swiper-wrapper\"><figure class=\"swiper-slide\">\n                <img data-recalc-dims=\"1\" decoding=\"async\" src=\"https:\/\/i0.wp.com\/rugra-rdr.com\/wp-content\/uploads\/2025\/04\/IMG-20220414-WA0003-copia.jpg?ssl=1\" alt=\"\" style=\"height: 250px;; \">\n                <figcaption class=\"ub_image_slider_image_caption\"><\/figcaption>\n            <\/figure><figure class=\"swiper-slide\">\n                <img data-recalc-dims=\"1\" decoding=\"async\" src=\"https:\/\/i0.wp.com\/rugra-rdr.com\/wp-content\/uploads\/2025\/04\/IMG-20230831-WA0046.jpg?ssl=1\" alt=\"\" style=\"height: 250px;; \">\n                <figcaption class=\"ub_image_slider_image_caption\"><\/figcaption>\n            <\/figure><figure class=\"swiper-slide\">\n                <img data-recalc-dims=\"1\" decoding=\"async\" src=\"https:\/\/i0.wp.com\/rugra-rdr.com\/wp-content\/uploads\/2025\/04\/lg1-1.jpg?ssl=1\" alt=\"\" style=\"height: 250px;; \">\n                <figcaption class=\"ub_image_slider_image_caption\"><\/figcaption>\n            <\/figure><figure class=\"swiper-slide\">\n                <img data-recalc-dims=\"1\" decoding=\"async\" src=\"https:\/\/i0.wp.com\/rugra-rdr.com\/wp-content\/uploads\/2025\/04\/oerlikonM1-1.jpg?ssl=1\" alt=\"\" style=\"height: 250px;; \">\n                <figcaption class=\"ub_image_slider_image_caption\">oppo_0<\/figcaption>\n            <\/figure><figure class=\"swiper-slide\">\n                <img data-recalc-dims=\"1\" decoding=\"async\" src=\"https:\/\/i0.wp.com\/rugra-rdr.com\/wp-content\/uploads\/2025\/04\/ppim1-1.png?ssl=1\" alt=\"\" style=\"height: 250px;; \">\n                <figcaption class=\"ub_image_slider_image_caption\"><\/figcaption>\n            <\/figure><figure class=\"swiper-slide\">\n                <img data-recalc-dims=\"1\" decoding=\"async\" src=\"https:\/\/i0.wp.com\/rugra-rdr.com\/wp-content\/uploads\/2025\/04\/tpsM2-1.jpg?ssl=1\" alt=\"\" style=\"height: 250px;; \">\n                <figcaption class=\"ub_image_slider_image_caption\">oppo_0<\/figcaption>\n            <\/figure><\/div>\n            <div class=\"swiper-pagination\"><\/div>\n            <div class=\"swiper-button-prev\"><\/div> <div class=\"swiper-button-next\"><\/div>\n        <\/div><\/div>","protected":false},"excerpt":{"rendered":"<p>RUGRA: Donde el espectro se convierte en estrategia.<\/p>","protected":false},"author":240894959,"featured_media":0,"parent":0,"menu_order":0,"comment_status":"closed","ping_status":"closed","template":"","meta":{"_crdt_document":"","site-sidebar-layout":"default","site-content-layout":"","ast-site-content-layout":"","site-content-style":"default","site-sidebar-style":"default","ast-global-header-display":"","ast-banner-title-visibility":"","ast-main-header-display":"","ast-hfb-above-header-display":"","ast-hfb-below-header-display":"","ast-hfb-mobile-header-display":"","site-post-title":"disabled","ast-breadcrumbs-content":"","ast-featured-img":"","footer-sml-layout":"","theme-transparent-header-meta":"","adv-header-id-meta":"","stick-header-meta":"","header-above-stick-meta":"","header-main-stick-meta":"","header-below-stick-meta":"","astra-migrate-meta-layouts":"default","ast-page-background-enabled":"default","ast-page-background-meta":{"desktop":{"background-color":"var(--ast-global-color-5)","background-image":"","background-repeat":"repeat","background-position":"center center","background-size":"auto","background-attachment":"scroll","background-type":"","background-media":"","overlay-type":"","overlay-color":"","overlay-opacity":"","overlay-gradient":""},"tablet":{"background-color":"","background-image":"","background-repeat":"repeat","background-position":"center center","background-size":"auto","background-attachment":"scroll","background-type":"","background-media":"","overlay-type":"","overlay-color":"","overlay-opacity":"","overlay-gradient":""},"mobile":{"background-color":"","background-image":"","background-repeat":"repeat","background-position":"center center","background-size":"auto","background-attachment":"scroll","background-type":"","background-media":"","overlay-type":"","overlay-color":"","overlay-opacity":"","overlay-gradient":""}},"ast-content-background-meta":{"desktop":{"background-color":"var(--ast-global-color-4)","background-image":"","background-repeat":"repeat","background-position":"center center","background-size":"auto","background-attachment":"scroll","background-type":"","background-media":"","overlay-type":"","overlay-color":"","overlay-opacity":"","overlay-gradient":""},"tablet":{"background-color":"var(--ast-global-color-4)","background-image":"","background-repeat":"repeat","background-position":"center center","background-size":"auto","background-attachment":"scroll","background-type":"","background-media":"","overlay-type":"","overlay-color":"","overlay-opacity":"","overlay-gradient":""},"mobile":{"background-color":"var(--ast-global-color-4)","background-image":"","background-repeat":"repeat","background-position":"center center","background-size":"auto","background-attachment":"scroll","background-type":"","background-media":"","overlay-type":"","overlay-color":"","overlay-opacity":"","overlay-gradient":""}},"advanced_seo_description":"","jetpack_seo_html_title":"","jetpack_seo_noindex":false,"footnotes":""},"class_list":["post-85","page","type-page","status-publish","hentry"],"featured_image_src":null,"jetpack_likes_enabled":true,"jetpack_sharing_enabled":true,"jetpack_shortlink":"https:\/\/wp.me\/Pfbitn-1n","jetpack-related-posts":[{"id":78,"url":"https:\/\/rugra-rdr.com\/en_en\/contactanos\/","url_meta":{"origin":85,"position":0},"title":"Contact","author":"hectormoyaunda","date":"15 de April de 2025","format":false,"excerpt":"Contactanos RUGRA cuenta con sedes en US y Ecuador Quito, EcuadorKissimmee, FL, Estados Unidos Quito - Ecuador Florida - US Correo de contacto: rleon@rugra-rdr.com","rel":"","context":"Similar post","block_context":{"text":"Similar post","link":""},"img":{"alt_text":"","src":"","width":0,"height":0},"classes":[]},{"id":52,"url":"https:\/\/rugra-rdr.com\/en_en\/desarrollos\/","url_meta":{"origin":85,"position":1},"title":"Development","author":"hectormoyaunda","date":"15 de April de 2025","format":false,"excerpt":"Modernizaci\u00f3n de Sistemas de Radar RUGRA ha trabajado en la modernizaci\u00f3n de diversos sistemas de Radar. Los trabajos realizados incluyen reparaci\u00f3n mec\u00e1nica, dise\u00f1o e implementaci\u00f3n de nuevos procesadores de radar, recuperaci\u00f3n y modernizaci\u00f3n de sistemas de radio frecuencia de los sistemas de radar. Software especializado para comunicaci\u00f3n con UAV y\u2026","rel":"","context":"Similar post","block_context":{"text":"Similar post","link":""},"img":{"alt_text":"","src":"https:\/\/i0.wp.com\/rugra-rdr.com\/wp-content\/uploads\/2025\/04\/tpsM2.jpg?resize=350%2C200&ssl=1","width":350,"height":200,"srcset":"https:\/\/i0.wp.com\/rugra-rdr.com\/wp-content\/uploads\/2025\/04\/tpsM2.jpg?resize=350%2C200&ssl=1 1x, https:\/\/i0.wp.com\/rugra-rdr.com\/wp-content\/uploads\/2025\/04\/tpsM2.jpg?resize=525%2C300&ssl=1 1.5x, https:\/\/i0.wp.com\/rugra-rdr.com\/wp-content\/uploads\/2025\/04\/tpsM2.jpg?resize=700%2C400&ssl=1 2x, https:\/\/i0.wp.com\/rugra-rdr.com\/wp-content\/uploads\/2025\/04\/tpsM2.jpg?resize=1050%2C600&ssl=1 3x, https:\/\/i0.wp.com\/rugra-rdr.com\/wp-content\/uploads\/2025\/04\/tpsM2.jpg?resize=1400%2C800&ssl=1 4x"},"classes":[]},{"id":49,"url":"https:\/\/rugra-rdr.com\/en_en\/control-armas\/","url_meta":{"origin":85,"position":2},"title":"Weapons control","author":"hectormoyaunda","date":"15 de April de 2025","format":false,"excerpt":"Control de Armas Prototipo de control de armas","rel":"","context":"Similar post","block_context":{"text":"Similar post","link":""},"img":{"alt_text":"","src":"https:\/\/i0.wp.com\/rugra-rdr.com\/wp-content\/uploads\/2025\/05\/Imagen-de-WhatsApp-2025-05-18-a-las-05.43.15_9838b72f.jpg?resize=350%2C200&ssl=1","width":350,"height":200,"srcset":"https:\/\/i0.wp.com\/rugra-rdr.com\/wp-content\/uploads\/2025\/05\/Imagen-de-WhatsApp-2025-05-18-a-las-05.43.15_9838b72f.jpg?resize=350%2C200&ssl=1 1x, https:\/\/i0.wp.com\/rugra-rdr.com\/wp-content\/uploads\/2025\/05\/Imagen-de-WhatsApp-2025-05-18-a-las-05.43.15_9838b72f.jpg?resize=525%2C300&ssl=1 1.5x, https:\/\/i0.wp.com\/rugra-rdr.com\/wp-content\/uploads\/2025\/05\/Imagen-de-WhatsApp-2025-05-18-a-las-05.43.15_9838b72f.jpg?resize=700%2C400&ssl=1 2x"},"classes":[]},{"id":98,"url":"https:\/\/rugra-rdr.com\/en_en\/uav\/","url_meta":{"origin":85,"position":3},"title":"UAV","author":"hectormoyaunda","date":"15 de April de 2025","format":false,"excerpt":"RUGRA desarrolla software e implementa equipos de comunicaci\u00f3n a medida para comunicaciones entre estaciones terrestres y UAV o entre UAV\u00b4s. https:\/\/videopress.com\/v\/Mm8icACc?resizeToParent=true&cover=true&preloadContent=metadata&useAverageColor=true El hardware que puede ser implementado en UAV incluye equipos de: C\u00e1maras de video Equipos para moniroreo espectral Equipos de eSigInt https:\/\/videopress.com\/v\/ag1sIpFJ?resizeToParent=true&cover=true&preloadContent=metadata&useAverageColor=true","rel":"","context":"Similar post","block_context":{"text":"Similar post","link":""},"img":{"alt_text":"","src":"https:\/\/i0.wp.com\/rugra-rdr.com\/wp-content\/uploads\/2025\/04\/insert-RUGRA-here-3.png?resize=350%2C200&ssl=1","width":350,"height":200,"srcset":"https:\/\/i0.wp.com\/rugra-rdr.com\/wp-content\/uploads\/2025\/04\/insert-RUGRA-here-3.png?resize=350%2C200&ssl=1 1x, https:\/\/i0.wp.com\/rugra-rdr.com\/wp-content\/uploads\/2025\/04\/insert-RUGRA-here-3.png?resize=525%2C300&ssl=1 1.5x"},"classes":[]},{"id":54,"url":"https:\/\/rugra-rdr.com\/en_en\/prototipos\/","url_meta":{"origin":85,"position":4},"title":"Prototypes","author":"hectormoyaunda","date":"15 de April de 2025","format":false,"excerpt":"Prototipos En RUGRA estamos comprometidos con la investigaci\u00f3n y desarrollo continuo de soluciones tecnol\u00f3gicas avanzadas para escenarios operacionales modernos. Nuestro trabajo se centra en el dise\u00f1o y validaci\u00f3n de sistemas que integran inteligencia artificial, control digital y capacidades electromagn\u00e9ticas de \u00faltima generaci\u00f3n. Desarrollamos tecnolog\u00edas como: Nuevos sistemas de radar de\u2026","rel":"","context":"Similar post","block_context":{"text":"Similar post","link":""},"img":{"alt_text":"","src":"https:\/\/i0.wp.com\/rugra-rdr.com\/wp-content\/uploads\/2025\/05\/IMG20231019083000.jpg?resize=350%2C200&ssl=1","width":350,"height":200,"srcset":"https:\/\/i0.wp.com\/rugra-rdr.com\/wp-content\/uploads\/2025\/05\/IMG20231019083000.jpg?resize=350%2C200&ssl=1 1x, https:\/\/i0.wp.com\/rugra-rdr.com\/wp-content\/uploads\/2025\/05\/IMG20231019083000.jpg?resize=525%2C300&ssl=1 1.5x, https:\/\/i0.wp.com\/rugra-rdr.com\/wp-content\/uploads\/2025\/05\/IMG20231019083000.jpg?resize=700%2C400&ssl=1 2x, https:\/\/i0.wp.com\/rugra-rdr.com\/wp-content\/uploads\/2025\/05\/IMG20231019083000.jpg?resize=1050%2C600&ssl=1 3x, https:\/\/i0.wp.com\/rugra-rdr.com\/wp-content\/uploads\/2025\/05\/IMG20231019083000.jpg?resize=1400%2C800&ssl=1 4x"},"classes":[]},{"id":44,"url":"https:\/\/rugra-rdr.com\/en_en\/radar-vigilancia\/","url_meta":{"origin":85,"position":5},"title":"Radar vigilance","author":"hectormoyaunda","date":"15 de April de 2025","format":false,"excerpt":"Recuperaci\u00f3n y Modernizaci\u00f3n de Radar AN\/TPS Recuperaci\u00f3n mec\u00e1nica Desarrollo de Generador de Frecuencia para generaci\u00f3n de pulsos de radar Dise\u00f1o de procesador de radar y nuevo PPI Uso de Hardware OEM Recuperaci\u00f3n de Grupo Electr\u00f3geno https:\/\/videopress.com\/v\/Lvk1SoMw?resizeToParent=true&cover=true&preloadContent=metadata&useAverageColor=true","rel":"","context":"Similar post","block_context":{"text":"Similar post","link":""},"img":{"alt_text":"","src":"https:\/\/i0.wp.com\/rugra-rdr.com\/wp-content\/uploads\/2025\/04\/insert-RUGRA-here-2.png?resize=350%2C200&ssl=1","width":350,"height":200,"srcset":"https:\/\/i0.wp.com\/rugra-rdr.com\/wp-content\/uploads\/2025\/04\/insert-RUGRA-here-2.png?resize=350%2C200&ssl=1 1x, https:\/\/i0.wp.com\/rugra-rdr.com\/wp-content\/uploads\/2025\/04\/insert-RUGRA-here-2.png?resize=525%2C300&ssl=1 1.5x"},"classes":[]}],"_links":{"self":[{"href":"https:\/\/rugra-rdr.com\/en_en\/wp-json\/wp\/v2\/pages\/85","targetHints":{"allow":["GET"]}}],"collection":[{"href":"https:\/\/rugra-rdr.com\/en_en\/wp-json\/wp\/v2\/pages"}],"about":[{"href":"https:\/\/rugra-rdr.com\/en_en\/wp-json\/wp\/v2\/types\/page"}],"author":[{"embeddable":true,"href":"https:\/\/rugra-rdr.com\/en_en\/wp-json\/wp\/v2\/users\/240894959"}],"replies":[{"embeddable":true,"href":"https:\/\/rugra-rdr.com\/en_en\/wp-json\/wp\/v2\/comments?post=85"}],"version-history":[{"count":6,"href":"https:\/\/rugra-rdr.com\/en_en\/wp-json\/wp\/v2\/pages\/85\/revisions"}],"predecessor-version":[{"id":195,"href":"https:\/\/rugra-rdr.com\/en_en\/wp-json\/wp\/v2\/pages\/85\/revisions\/195"}],"wp:attachment":[{"href":"https:\/\/rugra-rdr.com\/en_en\/wp-json\/wp\/v2\/media?parent=85"}],"curies":[{"name":"wp","href":"https:\/\/api.w.org\/{rel}","templated":true}]}}