{"id":78,"date":"2025-04-15T12:50:40","date_gmt":"2025-04-15T16:50:40","guid":{"rendered":"https:\/\/rugra-rdr.com\/?page_id=78"},"modified":"2025-04-15T13:56:33","modified_gmt":"2025-04-15T17:56:33","slug":"contactanos","status":"publish","type":"page","link":"https:\/\/rugra-rdr.com\/en_en\/contactanos\/","title":{"rendered":"Contact"},"content":{"rendered":"<div class=\"wp-block-group alignfull is-style-section-2 is-content-justification-center is-layout-constrained wp-block-group-is-layout-constrained\" style=\"margin-top:0;margin-bottom:0;padding-top:var(--wp--preset--spacing--40);padding-bottom:var(--wp--preset--spacing--40)\">\n<div class=\"wp-block-columns alignwide is-layout-flex wp-container-core-columns-is-layout-7387b849 wp-block-columns-is-layout-flex\">\n<div class=\"wp-block-column is-layout-flow wp-block-column-is-layout-flow\">\n<div class=\"wp-block-group is-content-justification-left is-layout-constrained wp-container-core-group-is-layout-ff1bb9a5 wp-block-group-is-layout-constrained\">\n<h2 class=\"wp-block-heading\">Contact<\/h2>\n\n\n\n<p class=\"wp-block-paragraph\">RUGRA is located in the United States of America and in Ecuador.<\/p>\n<\/div>\n\n\n\n<div style=\"height:var(--wp--preset--spacing--10)\" aria-hidden=\"true\" class=\"wp-block-spacer\"><\/div>\n<\/div>\n\n\n\n<div class=\"wp-block-column is-layout-flow wp-block-column-is-layout-flow\">\n<div class=\"wp-block-jetpack-map is-style-terrain\" data-map-id=\"jp-map-1\" data-map-provider=\"mapbox\" data-api-key=\"pk.eyJ1IjoiYXV0b21hdHRpYyIsImEiOiJjazVpZjA5aWswYTFvM21sOWtzNW1rNG9lIn0.Gu-sp4wRxnnQB-Qa8CpuZQ\" data-map-style=\"terrain\"><ul><li><a href=\"https:\/\/www.google.com\/maps\/search\/?api=1&amp;query=-0.2201102,-78.5114975\">Quito, Ecuador<\/a><\/li><li><a href=\"https:\/\/www.google.com\/maps\/search\/?api=1&amp;query=28.3009311,-81.4037347\">Kissimmee, FL, Estados Unidos<\/a><\/li><\/ul><\/div>\n\n\n\n<div style=\"height:calc( 0.25 * var(--wp--style--root--padding-right, var(--wp--custom--gap--horizontal)))\" aria-hidden=\"true\" class=\"wp-block-spacer\"><\/div>\n\n\n\n<p class=\"has-text-align-left is-contact-address-phone wp-block-paragraph\">Quito &#8211; Ecuador<\/p>\n\n\n\n<p class=\"wp-block-paragraph\">Florida &#8211; US<\/p>\n\n\n\n<p class=\"wp-block-paragraph\">Contact E-mail: <strong>rleon@rugra-rdr.com<\/strong><\/p>\n\n\n\n<div style=\"height:calc( 0.25 * var(--wp--style--root--padding-right, var(--wp--custom--gap--horizontal)))\" aria-hidden=\"true\" class=\"wp-block-spacer\"><\/div>\n\n\n\n<p class=\"has-text-align-left is-contact-opening-hours wp-block-paragraph\"><\/p>\n<\/div>\n<\/div>\n<\/div>","protected":false},"excerpt":{"rendered":"<p>Contactanos RUGRA cuenta con sedes en US y Ecuador Quito &#8211; Ecuador Florida &#8211; US Correo de contacto: rleon@rugra-rdr.com<\/p>","protected":false},"author":240894959,"featured_media":0,"parent":0,"menu_order":0,"comment_status":"closed","ping_status":"closed","template":"","meta":{"_crdt_document":"","site-sidebar-layout":"default","site-content-layout":"","ast-site-content-layout":"","site-content-style":"default","site-sidebar-style":"default","ast-global-header-display":"","ast-banner-title-visibility":"","ast-main-header-display":"","ast-hfb-above-header-display":"","ast-hfb-below-header-display":"","ast-hfb-mobile-header-display":"","site-post-title":"disabled","ast-breadcrumbs-content":"","ast-featured-img":"","footer-sml-layout":"","theme-transparent-header-meta":"","adv-header-id-meta":"","stick-header-meta":"","header-above-stick-meta":"","header-main-stick-meta":"","header-below-stick-meta":"","astra-migrate-meta-layouts":"default","ast-page-background-enabled":"default","ast-page-background-meta":{"desktop":{"background-color":"var(--ast-global-color-5)","background-image":"","background-repeat":"repeat","background-position":"center center","background-size":"auto","background-attachment":"scroll","background-type":"","background-media":"","overlay-type":"","overlay-color":"","overlay-opacity":"","overlay-gradient":""},"tablet":{"background-color":"","background-image":"","background-repeat":"repeat","background-position":"center center","background-size":"auto","background-attachment":"scroll","background-type":"","background-media":"","overlay-type":"","overlay-color":"","overlay-opacity":"","overlay-gradient":""},"mobile":{"background-color":"","background-image":"","background-repeat":"repeat","background-position":"center center","background-size":"auto","background-attachment":"scroll","background-type":"","background-media":"","overlay-type":"","overlay-color":"","overlay-opacity":"","overlay-gradient":""}},"ast-content-background-meta":{"desktop":{"background-color":"var(--ast-global-color-4)","background-image":"","background-repeat":"repeat","background-position":"center center","background-size":"auto","background-attachment":"scroll","background-type":"","background-media":"","overlay-type":"","overlay-color":"","overlay-opacity":"","overlay-gradient":""},"tablet":{"background-color":"var(--ast-global-color-4)","background-image":"","background-repeat":"repeat","background-position":"center center","background-size":"auto","background-attachment":"scroll","background-type":"","background-media":"","overlay-type":"","overlay-color":"","overlay-opacity":"","overlay-gradient":""},"mobile":{"background-color":"var(--ast-global-color-4)","background-image":"","background-repeat":"repeat","background-position":"center center","background-size":"auto","background-attachment":"scroll","background-type":"","background-media":"","overlay-type":"","overlay-color":"","overlay-opacity":"","overlay-gradient":""}},"advanced_seo_description":"","jetpack_seo_html_title":"","jetpack_seo_noindex":false,"footnotes":""},"class_list":["post-78","page","type-page","status-publish","hentry"],"featured_image_src":null,"jetpack_likes_enabled":true,"jetpack_sharing_enabled":true,"jetpack_shortlink":"https:\/\/wp.me\/Pfbitn-1g","jetpack-related-posts":[{"id":47,"url":"https:\/\/rugra-rdr.com\/en_en\/arturo\/","url_meta":{"origin":78,"position":0},"title":"Arturo","author":"hectormoyaunda","date":"15 de April de 2025","format":false,"excerpt":"Arturo Es nuestro sistema encargado de la detecci\u00f3n de se\u00f1ales de RF. Cuenta con la capacidad de detecci\u00f3n de angulo de arribo, estimaci\u00f3n de la regi\u00f3n de ubicaci\u00f3n de fuentes de RF, probabilidades de detecci\u00f3n altas para se\u00f1ales de duraci\u00f3n de menos de 1ms El sistema cuenta con la posibilidad\u2026","rel":"","context":"Similar post","block_context":{"text":"Similar post","link":""},"img":{"alt_text":"","src":"https:\/\/i0.wp.com\/rugra-rdr.com\/wp-content\/uploads\/2025\/05\/Arturo-FM.jpg?resize=350%2C200&ssl=1","width":350,"height":200,"srcset":"https:\/\/i0.wp.com\/rugra-rdr.com\/wp-content\/uploads\/2025\/05\/Arturo-FM.jpg?resize=350%2C200&ssl=1 1x, https:\/\/i0.wp.com\/rugra-rdr.com\/wp-content\/uploads\/2025\/05\/Arturo-FM.jpg?resize=525%2C300&ssl=1 1.5x, https:\/\/i0.wp.com\/rugra-rdr.com\/wp-content\/uploads\/2025\/05\/Arturo-FM.jpg?resize=700%2C400&ssl=1 2x, https:\/\/i0.wp.com\/rugra-rdr.com\/wp-content\/uploads\/2025\/05\/Arturo-FM.jpg?resize=1050%2C600&ssl=1 3x, https:\/\/i0.wp.com\/rugra-rdr.com\/wp-content\/uploads\/2025\/05\/Arturo-FM.jpg?resize=1400%2C800&ssl=1 4x"},"classes":[]},{"id":85,"url":"https:\/\/rugra-rdr.com\/en_en\/","url_meta":{"origin":78,"position":1},"title":"RUGRA","author":"hectormoyaunda","date":"15 de April de 2025","format":false,"excerpt":"RUGRA: Donde el espectro se convierte en estrategia.","rel":"","context":"Similar post","block_context":{"text":"Similar post","link":""},"img":{"alt_text":"","src":"https:\/\/i0.wp.com\/rugra-rdr.com\/wp-content\/uploads\/2025\/04\/insert-RUGRA-here-3.png?resize=350%2C200&ssl=1","width":350,"height":200,"srcset":"https:\/\/i0.wp.com\/rugra-rdr.com\/wp-content\/uploads\/2025\/04\/insert-RUGRA-here-3.png?resize=350%2C200&ssl=1 1x, https:\/\/i0.wp.com\/rugra-rdr.com\/wp-content\/uploads\/2025\/04\/insert-RUGRA-here-3.png?resize=525%2C300&ssl=1 1.5x"},"classes":[]},{"id":25,"url":"https:\/\/rugra-rdr.com\/en_en\/team\/","url_meta":{"origin":78,"position":2},"title":"Our Team","author":"hectormoyaunda","date":"15 de April de 2025","format":false,"excerpt":"Nuestro equipo Rub\u00e9n Le\u00f3n CEO Rub\u00e9n Le\u00f3n V\u00e1squez, fue profesor universitario de 3er y 4to nivel en el periodo 1985 - 2022. Su experiencia en Procesamiento Digital de Se\u00f1ales Estoc\u00e1sticas, Telecomunicaciones para Sistemas de Defensa y afici\u00f3n por el Electromagnetismo, han permitido estructuras y desarrollar soluciones tecnol\u00f3gicas soberanas en radares\u2026","rel":"","context":"Similar post","block_context":{"text":"Similar post","link":""},"img":{"alt_text":"","src":"https:\/\/i0.wp.com\/rugra-rdr.com\/wp-content\/uploads\/2025\/05\/Imagen-de-WhatsApp-2025-04-21-a-las-21.24.47_9f6f1e7e.jpg?resize=350%2C200&ssl=1","width":350,"height":200,"srcset":"https:\/\/i0.wp.com\/rugra-rdr.com\/wp-content\/uploads\/2025\/05\/Imagen-de-WhatsApp-2025-04-21-a-las-21.24.47_9f6f1e7e.jpg?resize=350%2C200&ssl=1 1x, https:\/\/i0.wp.com\/rugra-rdr.com\/wp-content\/uploads\/2025\/05\/Imagen-de-WhatsApp-2025-04-21-a-las-21.24.47_9f6f1e7e.jpg?resize=525%2C300&ssl=1 1.5x, https:\/\/i0.wp.com\/rugra-rdr.com\/wp-content\/uploads\/2025\/05\/Imagen-de-WhatsApp-2025-04-21-a-las-21.24.47_9f6f1e7e.jpg?resize=700%2C400&ssl=1 2x, https:\/\/i0.wp.com\/rugra-rdr.com\/wp-content\/uploads\/2025\/05\/Imagen-de-WhatsApp-2025-04-21-a-las-21.24.47_9f6f1e7e.jpg?resize=1050%2C600&ssl=1 3x, https:\/\/i0.wp.com\/rugra-rdr.com\/wp-content\/uploads\/2025\/05\/Imagen-de-WhatsApp-2025-04-21-a-las-21.24.47_9f6f1e7e.jpg?resize=1400%2C800&ssl=1 4x"},"classes":[]},{"id":52,"url":"https:\/\/rugra-rdr.com\/en_en\/desarrollos\/","url_meta":{"origin":78,"position":3},"title":"Development","author":"hectormoyaunda","date":"15 de April de 2025","format":false,"excerpt":"Modernizaci\u00f3n de Sistemas de Radar RUGRA ha trabajado en la modernizaci\u00f3n de diversos sistemas de Radar. Los trabajos realizados incluyen reparaci\u00f3n mec\u00e1nica, dise\u00f1o e implementaci\u00f3n de nuevos procesadores de radar, recuperaci\u00f3n y modernizaci\u00f3n de sistemas de radio frecuencia de los sistemas de radar. Software especializado para comunicaci\u00f3n con UAV y\u2026","rel":"","context":"Similar post","block_context":{"text":"Similar post","link":""},"img":{"alt_text":"","src":"https:\/\/i0.wp.com\/rugra-rdr.com\/wp-content\/uploads\/2025\/04\/tpsM2.jpg?resize=350%2C200&ssl=1","width":350,"height":200,"srcset":"https:\/\/i0.wp.com\/rugra-rdr.com\/wp-content\/uploads\/2025\/04\/tpsM2.jpg?resize=350%2C200&ssl=1 1x, https:\/\/i0.wp.com\/rugra-rdr.com\/wp-content\/uploads\/2025\/04\/tpsM2.jpg?resize=525%2C300&ssl=1 1.5x, https:\/\/i0.wp.com\/rugra-rdr.com\/wp-content\/uploads\/2025\/04\/tpsM2.jpg?resize=700%2C400&ssl=1 2x, https:\/\/i0.wp.com\/rugra-rdr.com\/wp-content\/uploads\/2025\/04\/tpsM2.jpg?resize=1050%2C600&ssl=1 3x, https:\/\/i0.wp.com\/rugra-rdr.com\/wp-content\/uploads\/2025\/04\/tpsM2.jpg?resize=1400%2C800&ssl=1 4x"},"classes":[]},{"id":49,"url":"https:\/\/rugra-rdr.com\/en_en\/control-armas\/","url_meta":{"origin":78,"position":4},"title":"Weapons control","author":"hectormoyaunda","date":"15 de April de 2025","format":false,"excerpt":"Control de Armas Prototipo de control de armas","rel":"","context":"Similar post","block_context":{"text":"Similar post","link":""},"img":{"alt_text":"","src":"https:\/\/i0.wp.com\/rugra-rdr.com\/wp-content\/uploads\/2025\/05\/Imagen-de-WhatsApp-2025-05-18-a-las-05.43.15_9838b72f.jpg?resize=350%2C200&ssl=1","width":350,"height":200,"srcset":"https:\/\/i0.wp.com\/rugra-rdr.com\/wp-content\/uploads\/2025\/05\/Imagen-de-WhatsApp-2025-05-18-a-las-05.43.15_9838b72f.jpg?resize=350%2C200&ssl=1 1x, https:\/\/i0.wp.com\/rugra-rdr.com\/wp-content\/uploads\/2025\/05\/Imagen-de-WhatsApp-2025-05-18-a-las-05.43.15_9838b72f.jpg?resize=525%2C300&ssl=1 1.5x, https:\/\/i0.wp.com\/rugra-rdr.com\/wp-content\/uploads\/2025\/05\/Imagen-de-WhatsApp-2025-05-18-a-las-05.43.15_9838b72f.jpg?resize=700%2C400&ssl=1 2x"},"classes":[]},{"id":98,"url":"https:\/\/rugra-rdr.com\/en_en\/uav\/","url_meta":{"origin":78,"position":5},"title":"UAV","author":"hectormoyaunda","date":"15 de April de 2025","format":false,"excerpt":"RUGRA desarrolla software e implementa equipos de comunicaci\u00f3n a medida para comunicaciones entre estaciones terrestres y UAV o entre UAV\u00b4s. https:\/\/videopress.com\/v\/Mm8icACc?resizeToParent=true&cover=true&preloadContent=metadata&useAverageColor=true El hardware que puede ser implementado en UAV incluye equipos de: C\u00e1maras de video Equipos para moniroreo espectral Equipos de eSigInt https:\/\/videopress.com\/v\/ag1sIpFJ?resizeToParent=true&cover=true&preloadContent=metadata&useAverageColor=true","rel":"","context":"Similar post","block_context":{"text":"Similar post","link":""},"img":{"alt_text":"","src":"https:\/\/i0.wp.com\/rugra-rdr.com\/wp-content\/uploads\/2025\/04\/insert-RUGRA-here-3.png?resize=350%2C200&ssl=1","width":350,"height":200,"srcset":"https:\/\/i0.wp.com\/rugra-rdr.com\/wp-content\/uploads\/2025\/04\/insert-RUGRA-here-3.png?resize=350%2C200&ssl=1 1x, https:\/\/i0.wp.com\/rugra-rdr.com\/wp-content\/uploads\/2025\/04\/insert-RUGRA-here-3.png?resize=525%2C300&ssl=1 1.5x"},"classes":[]}],"_links":{"self":[{"href":"https:\/\/rugra-rdr.com\/en_en\/wp-json\/wp\/v2\/pages\/78","targetHints":{"allow":["GET"]}}],"collection":[{"href":"https:\/\/rugra-rdr.com\/en_en\/wp-json\/wp\/v2\/pages"}],"about":[{"href":"https:\/\/rugra-rdr.com\/en_en\/wp-json\/wp\/v2\/types\/page"}],"author":[{"embeddable":true,"href":"https:\/\/rugra-rdr.com\/en_en\/wp-json\/wp\/v2\/users\/240894959"}],"replies":[{"embeddable":true,"href":"https:\/\/rugra-rdr.com\/en_en\/wp-json\/wp\/v2\/comments?post=78"}],"version-history":[{"count":5,"href":"https:\/\/rugra-rdr.com\/en_en\/wp-json\/wp\/v2\/pages\/78\/revisions"}],"predecessor-version":[{"id":122,"href":"https:\/\/rugra-rdr.com\/en_en\/wp-json\/wp\/v2\/pages\/78\/revisions\/122"}],"wp:attachment":[{"href":"https:\/\/rugra-rdr.com\/en_en\/wp-json\/wp\/v2\/media?parent=78"}],"curies":[{"name":"wp","href":"https:\/\/api.w.org\/{rel}","templated":true}]}}