{"id":54,"date":"2025-04-15T12:21:49","date_gmt":"2025-04-15T16:21:49","guid":{"rendered":"https:\/\/rugra-rdr.com\/?page_id=54"},"modified":"2025-05-18T06:56:20","modified_gmt":"2025-05-18T10:56:20","slug":"prototipos","status":"publish","type":"page","link":"https:\/\/rugra-rdr.com\/en_en\/prototipos\/","title":{"rendered":"Prototypes"},"content":{"rendered":"<p class=\"wp-block-paragraph\"><\/p>\n\n\n\n<div class=\"wp-block-group alignfull is-style-section-2 is-content-justification-center is-layout-constrained wp-block-group-is-layout-constrained\" style=\"margin-top:0;margin-bottom:0;padding-top:var(--wp--preset--spacing--40);padding-bottom:var(--wp--preset--spacing--40)\">\n<div class=\"wp-block-columns alignwide is-layout-flex wp-container-core-columns-is-layout-ef163c17 wp-block-columns-is-layout-flex\">\n<div class=\"wp-block-column is-layout-flow wp-block-column-is-layout-flow\">\n<h2 class=\"wp-block-heading\">Prototypes<\/h2>\n\n\n\n<p class=\"wp-block-paragraph\">En RUGRA estamos comprometidos con la investigaci\u00f3n y desarrollo continuo de soluciones tecnol\u00f3gicas avanzadas para escenarios operacionales modernos. Nuestro trabajo se centra en el dise\u00f1o y validaci\u00f3n de sistemas que integran inteligencia artificial, control digital y capacidades electromagn\u00e9ticas de \u00faltima generaci\u00f3n.<\/p>\n\n\n\n<p class=\"wp-block-paragraph\">Desarrollamos tecnolog\u00edas como:<\/p>\n\n\n\n<ul class=\"wp-block-list\">\n<li>Nuevos sistemas de radar de arquitectura abierta<\/li>\n\n\n\n<li>Sistemas de control de armas con IA y procesamiento en tiempo real<\/li>\n\n\n\n<li>Plataformas para gesti\u00f3n activa del espectro electromagn\u00e9tico<\/li>\n\n\n\n<li>Soluciones para detecci\u00f3n de \u00e1ngulo de arribo (DoA) de se\u00f1ales RF<\/li>\n\n\n\n<li>Equipos de jamming inteligentes y adaptativos<\/li>\n<\/ul>\n\n\n\n<p class=\"wp-block-paragraph\">Nuestra visi\u00f3n es clara: dotar a nuestros aliados estrat\u00e9gicos de herramientas soberanas, precisas y adaptables frente a los desaf\u00edos del campo electromagn\u00e9tico actual.<\/p>\n\n\n\n<div style=\"height:var(--wp--preset--spacing--20)\" aria-hidden=\"true\" class=\"wp-block-spacer\"><\/div>\n\n\n\n<figure class=\"wp-block-image size-full\"><img data-recalc-dims=\"1\" loading=\"lazy\" decoding=\"async\" width=\"4000\" height=\"3000\" data-attachment-id=\"250\" data-permalink=\"https:\/\/rugra-rdr.com\/en_en\/prototipos\/oppo_0-9\/\" data-orig-file=\"https:\/\/i0.wp.com\/rugra-rdr.com\/wp-content\/uploads\/2025\/05\/IMG20231011000717.jpg?fit=4000%2C3000&amp;ssl=1\" data-orig-size=\"4000,3000\" data-comments-opened=\"1\" data-image-meta=\"{&quot;aperture&quot;:&quot;1.8&quot;,&quot;credit&quot;:&quot;&quot;,&quot;camera&quot;:&quot;realme 7&quot;,&quot;caption&quot;:&quot;oppo_0&quot;,&quot;created_timestamp&quot;:&quot;1696982837&quot;,&quot;copyright&quot;:&quot;&quot;,&quot;focal_length&quot;:&quot;4.71&quot;,&quot;iso&quot;:&quot;272&quot;,&quot;shutter_speed&quot;:&quot;0.033336&quot;,&quot;title&quot;:&quot;oppo_0&quot;,&quot;orientation&quot;:&quot;1&quot;}\" data-image-title=\"oppo_0\" data-image-description=\"\" data-image-caption=\"&lt;p&gt;oppo_0&lt;\/p&gt;\" data-large-file=\"https:\/\/i0.wp.com\/rugra-rdr.com\/wp-content\/uploads\/2025\/05\/IMG20231011000717.jpg?fit=1024%2C768&amp;ssl=1\" src=\"https:\/\/i0.wp.com\/rugra-rdr.com\/wp-content\/uploads\/2025\/05\/IMG20231011000717.jpg?resize=4000%2C3000&#038;ssl=1\" alt=\"\" class=\"wp-image-250\" style=\"aspect-ratio:3\/4;object-fit:cover\" srcset=\"https:\/\/i0.wp.com\/rugra-rdr.com\/wp-content\/uploads\/2025\/05\/IMG20231011000717.jpg?w=4000&amp;ssl=1 4000w, https:\/\/i0.wp.com\/rugra-rdr.com\/wp-content\/uploads\/2025\/05\/IMG20231011000717.jpg?resize=300%2C225&amp;ssl=1 300w, https:\/\/i0.wp.com\/rugra-rdr.com\/wp-content\/uploads\/2025\/05\/IMG20231011000717.jpg?resize=1024%2C768&amp;ssl=1 1024w, https:\/\/i0.wp.com\/rugra-rdr.com\/wp-content\/uploads\/2025\/05\/IMG20231011000717.jpg?resize=768%2C576&amp;ssl=1 768w, https:\/\/i0.wp.com\/rugra-rdr.com\/wp-content\/uploads\/2025\/05\/IMG20231011000717.jpg?resize=1536%2C1152&amp;ssl=1 1536w, https:\/\/i0.wp.com\/rugra-rdr.com\/wp-content\/uploads\/2025\/05\/IMG20231011000717.jpg?resize=2048%2C1536&amp;ssl=1 2048w, https:\/\/i0.wp.com\/rugra-rdr.com\/wp-content\/uploads\/2025\/05\/IMG20231011000717.jpg?resize=16%2C12&amp;ssl=1 16w, https:\/\/i0.wp.com\/rugra-rdr.com\/wp-content\/uploads\/2025\/05\/IMG20231011000717.jpg?resize=1200%2C900&amp;ssl=1 1200w, https:\/\/i0.wp.com\/rugra-rdr.com\/wp-content\/uploads\/2025\/05\/IMG20231011000717.jpg?resize=800%2C600&amp;ssl=1 800w, https:\/\/i0.wp.com\/rugra-rdr.com\/wp-content\/uploads\/2025\/05\/IMG20231011000717.jpg?resize=600%2C450&amp;ssl=1 600w, https:\/\/i0.wp.com\/rugra-rdr.com\/wp-content\/uploads\/2025\/05\/IMG20231011000717.jpg?resize=400%2C300&amp;ssl=1 400w, https:\/\/i0.wp.com\/rugra-rdr.com\/wp-content\/uploads\/2025\/05\/IMG20231011000717.jpg?resize=200%2C150&amp;ssl=1 200w, https:\/\/i0.wp.com\/rugra-rdr.com\/wp-content\/uploads\/2025\/05\/IMG20231011000717.jpg?w=3000&amp;ssl=1 3000w\" sizes=\"auto, (max-width: 1000px) 100vw, 1000px\" \/><\/figure>\n<\/div>\n\n\n\n<div class=\"wp-block-column is-layout-flow wp-container-core-column-is-layout-23912308 wp-block-column-is-layout-flow\">\n<figure class=\"wp-block-image size-full\"><img data-recalc-dims=\"1\" loading=\"lazy\" decoding=\"async\" width=\"4000\" height=\"3000\" data-attachment-id=\"251\" data-permalink=\"https:\/\/rugra-rdr.com\/en_en\/prototipos\/oppo_0-10\/\" data-orig-file=\"https:\/\/i0.wp.com\/rugra-rdr.com\/wp-content\/uploads\/2025\/05\/IMG20220317141343.jpg?fit=4000%2C3000&amp;ssl=1\" data-orig-size=\"4000,3000\" data-comments-opened=\"1\" data-image-meta=\"{&quot;aperture&quot;:&quot;1.8&quot;,&quot;credit&quot;:&quot;&quot;,&quot;camera&quot;:&quot;realme 7&quot;,&quot;caption&quot;:&quot;oppo_0&quot;,&quot;created_timestamp&quot;:&quot;1647526423&quot;,&quot;copyright&quot;:&quot;&quot;,&quot;focal_length&quot;:&quot;4.71&quot;,&quot;iso&quot;:&quot;100&quot;,&quot;shutter_speed&quot;:&quot;0.000355&quot;,&quot;title&quot;:&quot;oppo_0&quot;,&quot;orientation&quot;:&quot;1&quot;}\" data-image-title=\"oppo_0\" data-image-description=\"\" data-image-caption=\"&lt;p&gt;oppo_0&lt;\/p&gt;\" data-large-file=\"https:\/\/i0.wp.com\/rugra-rdr.com\/wp-content\/uploads\/2025\/05\/IMG20220317141343.jpg?fit=1024%2C768&amp;ssl=1\" src=\"https:\/\/i0.wp.com\/rugra-rdr.com\/wp-content\/uploads\/2025\/05\/IMG20220317141343.jpg?resize=4000%2C3000&#038;ssl=1\" alt=\"\" class=\"wp-image-251\" style=\"aspect-ratio:3\/4;object-fit:cover\" srcset=\"https:\/\/i0.wp.com\/rugra-rdr.com\/wp-content\/uploads\/2025\/05\/IMG20220317141343.jpg?w=4000&amp;ssl=1 4000w, https:\/\/i0.wp.com\/rugra-rdr.com\/wp-content\/uploads\/2025\/05\/IMG20220317141343.jpg?resize=300%2C225&amp;ssl=1 300w, https:\/\/i0.wp.com\/rugra-rdr.com\/wp-content\/uploads\/2025\/05\/IMG20220317141343.jpg?resize=1024%2C768&amp;ssl=1 1024w, https:\/\/i0.wp.com\/rugra-rdr.com\/wp-content\/uploads\/2025\/05\/IMG20220317141343.jpg?resize=768%2C576&amp;ssl=1 768w, https:\/\/i0.wp.com\/rugra-rdr.com\/wp-content\/uploads\/2025\/05\/IMG20220317141343.jpg?resize=1536%2C1152&amp;ssl=1 1536w, https:\/\/i0.wp.com\/rugra-rdr.com\/wp-content\/uploads\/2025\/05\/IMG20220317141343.jpg?resize=2048%2C1536&amp;ssl=1 2048w, https:\/\/i0.wp.com\/rugra-rdr.com\/wp-content\/uploads\/2025\/05\/IMG20220317141343.jpg?resize=16%2C12&amp;ssl=1 16w, https:\/\/i0.wp.com\/rugra-rdr.com\/wp-content\/uploads\/2025\/05\/IMG20220317141343.jpg?resize=1200%2C900&amp;ssl=1 1200w, https:\/\/i0.wp.com\/rugra-rdr.com\/wp-content\/uploads\/2025\/05\/IMG20220317141343.jpg?resize=800%2C600&amp;ssl=1 800w, https:\/\/i0.wp.com\/rugra-rdr.com\/wp-content\/uploads\/2025\/05\/IMG20220317141343.jpg?resize=600%2C450&amp;ssl=1 600w, https:\/\/i0.wp.com\/rugra-rdr.com\/wp-content\/uploads\/2025\/05\/IMG20220317141343.jpg?resize=400%2C300&amp;ssl=1 400w, https:\/\/i0.wp.com\/rugra-rdr.com\/wp-content\/uploads\/2025\/05\/IMG20220317141343.jpg?resize=200%2C150&amp;ssl=1 200w, https:\/\/i0.wp.com\/rugra-rdr.com\/wp-content\/uploads\/2025\/05\/IMG20220317141343.jpg?w=3000&amp;ssl=1 3000w\" sizes=\"auto, (max-width: 1000px) 100vw, 1000px\" \/><\/figure>\n\n\n\n<figure class=\"wp-block-image size-full\"><img data-recalc-dims=\"1\" loading=\"lazy\" decoding=\"async\" width=\"3000\" height=\"4000\" data-attachment-id=\"252\" data-permalink=\"https:\/\/rugra-rdr.com\/en_en\/prototipos\/oppo_32-4\/\" data-orig-file=\"https:\/\/i0.wp.com\/rugra-rdr.com\/wp-content\/uploads\/2025\/05\/IMG20231019083000.jpg?fit=3000%2C4000&amp;ssl=1\" data-orig-size=\"3000,4000\" data-comments-opened=\"1\" data-image-meta=\"{&quot;aperture&quot;:&quot;1.8&quot;,&quot;credit&quot;:&quot;&quot;,&quot;camera&quot;:&quot;realme 7&quot;,&quot;caption&quot;:&quot;oppo_32&quot;,&quot;created_timestamp&quot;:&quot;1697704200&quot;,&quot;copyright&quot;:&quot;&quot;,&quot;focal_length&quot;:&quot;4.71&quot;,&quot;iso&quot;:&quot;350&quot;,&quot;shutter_speed&quot;:&quot;0.030001&quot;,&quot;title&quot;:&quot;oppo_32&quot;,&quot;orientation&quot;:&quot;0&quot;}\" data-image-title=\"oppo_32\" data-image-description=\"\" data-image-caption=\"&lt;p&gt;oppo_32&lt;\/p&gt;\" data-large-file=\"https:\/\/i0.wp.com\/rugra-rdr.com\/wp-content\/uploads\/2025\/05\/IMG20231019083000.jpg?fit=768%2C1024&amp;ssl=1\" src=\"https:\/\/i0.wp.com\/rugra-rdr.com\/wp-content\/uploads\/2025\/05\/IMG20231019083000.jpg?resize=3000%2C4000&#038;ssl=1\" alt=\"\" class=\"wp-image-252\" style=\"aspect-ratio:4\/3;object-fit:cover\" srcset=\"https:\/\/i0.wp.com\/rugra-rdr.com\/wp-content\/uploads\/2025\/05\/IMG20231019083000.jpg?w=3000&amp;ssl=1 3000w, https:\/\/i0.wp.com\/rugra-rdr.com\/wp-content\/uploads\/2025\/05\/IMG20231019083000.jpg?resize=225%2C300&amp;ssl=1 225w, https:\/\/i0.wp.com\/rugra-rdr.com\/wp-content\/uploads\/2025\/05\/IMG20231019083000.jpg?resize=768%2C1024&amp;ssl=1 768w, https:\/\/i0.wp.com\/rugra-rdr.com\/wp-content\/uploads\/2025\/05\/IMG20231019083000.jpg?resize=1152%2C1536&amp;ssl=1 1152w, https:\/\/i0.wp.com\/rugra-rdr.com\/wp-content\/uploads\/2025\/05\/IMG20231019083000.jpg?resize=1536%2C2048&amp;ssl=1 1536w, https:\/\/i0.wp.com\/rugra-rdr.com\/wp-content\/uploads\/2025\/05\/IMG20231019083000.jpg?resize=9%2C12&amp;ssl=1 9w, https:\/\/i0.wp.com\/rugra-rdr.com\/wp-content\/uploads\/2025\/05\/IMG20231019083000.jpg?resize=900%2C1200&amp;ssl=1 900w, https:\/\/i0.wp.com\/rugra-rdr.com\/wp-content\/uploads\/2025\/05\/IMG20231019083000.jpg?resize=600%2C800&amp;ssl=1 600w, https:\/\/i0.wp.com\/rugra-rdr.com\/wp-content\/uploads\/2025\/05\/IMG20231019083000.jpg?resize=450%2C600&amp;ssl=1 450w, https:\/\/i0.wp.com\/rugra-rdr.com\/wp-content\/uploads\/2025\/05\/IMG20231019083000.jpg?resize=300%2C400&amp;ssl=1 300w, https:\/\/i0.wp.com\/rugra-rdr.com\/wp-content\/uploads\/2025\/05\/IMG20231019083000.jpg?resize=150%2C200&amp;ssl=1 150w, https:\/\/i0.wp.com\/rugra-rdr.com\/wp-content\/uploads\/2025\/05\/IMG20231019083000.jpg?resize=1200%2C1600&amp;ssl=1 1200w, https:\/\/i0.wp.com\/rugra-rdr.com\/wp-content\/uploads\/2025\/05\/IMG20231019083000.jpg?w=2000&amp;ssl=1 2000w\" sizes=\"auto, (max-width: 1000px) 100vw, 1000px\" \/><\/figure>\n<\/div>\n<\/div>\n<\/div>","protected":false},"excerpt":{"rendered":"<p>Prototipos En RUGRA estamos comprometidos con la investigaci\u00f3n y desarrollo continuo de soluciones tecnol\u00f3gicas avanzadas para escenarios operacionales modernos. Nuestro [&hellip;]<\/p>\n","protected":false},"author":240894959,"featured_media":0,"parent":0,"menu_order":0,"comment_status":"closed","ping_status":"closed","template":"","meta":{"_crdt_document":"","site-sidebar-layout":"default","site-content-layout":"","ast-site-content-layout":"","site-content-style":"default","site-sidebar-style":"default","ast-global-header-display":"","ast-banner-title-visibility":"","ast-main-header-display":"","ast-hfb-above-header-display":"","ast-hfb-below-header-display":"","ast-hfb-mobile-header-display":"","site-post-title":"disabled","ast-breadcrumbs-content":"","ast-featured-img":"","footer-sml-layout":"","theme-transparent-header-meta":"","adv-header-id-meta":"","stick-header-meta":"","header-above-stick-meta":"","header-main-stick-meta":"","header-below-stick-meta":"","astra-migrate-meta-layouts":"default","ast-page-background-enabled":"default","ast-page-background-meta":{"desktop":{"background-color":"var(--ast-global-color-5)","background-image":"","background-repeat":"repeat","background-position":"center center","background-size":"auto","background-attachment":"scroll","background-type":"","background-media":"","overlay-type":"","overlay-color":"","overlay-opacity":"","overlay-gradient":""},"tablet":{"background-color":"","background-image":"","background-repeat":"repeat","background-position":"center center","background-size":"auto","background-attachment":"scroll","background-type":"","background-media":"","overlay-type":"","overlay-color":"","overlay-opacity":"","overlay-gradient":""},"mobile":{"background-color":"","background-image":"","background-repeat":"repeat","background-position":"center center","background-size":"auto","background-attachment":"scroll","background-type":"","background-media":"","overlay-type":"","overlay-color":"","overlay-opacity":"","overlay-gradient":""}},"ast-content-background-meta":{"desktop":{"background-color":"var(--ast-global-color-4)","background-image":"","background-repeat":"repeat","background-position":"center center","background-size":"auto","background-attachment":"scroll","background-type":"","background-media":"","overlay-type":"","overlay-color":"","overlay-opacity":"","overlay-gradient":""},"tablet":{"background-color":"var(--ast-global-color-4)","background-image":"","background-repeat":"repeat","background-position":"center center","background-size":"auto","background-attachment":"scroll","background-type":"","background-media":"","overlay-type":"","overlay-color":"","overlay-opacity":"","overlay-gradient":""},"mobile":{"background-color":"var(--ast-global-color-4)","background-image":"","background-repeat":"repeat","background-position":"center center","background-size":"auto","background-attachment":"scroll","background-type":"","background-media":"","overlay-type":"","overlay-color":"","overlay-opacity":"","overlay-gradient":""}},"advanced_seo_description":"","jetpack_seo_html_title":"","jetpack_seo_noindex":false,"footnotes":""},"class_list":["post-54","page","type-page","status-publish","hentry"],"featured_image_src":null,"jetpack_likes_enabled":true,"jetpack_sharing_enabled":true,"jetpack_shortlink":"https:\/\/wp.me\/Pfbitn-S","jetpack-related-posts":[{"id":49,"url":"https:\/\/rugra-rdr.com\/en_en\/control-armas\/","url_meta":{"origin":54,"position":0},"title":"Weapons control","author":"hectormoyaunda","date":"15 de April de 2025","format":false,"excerpt":"Control de Armas Prototipo de control de armas","rel":"","context":"Similar post","block_context":{"text":"Similar post","link":""},"img":{"alt_text":"","src":"https:\/\/i0.wp.com\/rugra-rdr.com\/wp-content\/uploads\/2025\/05\/Imagen-de-WhatsApp-2025-05-18-a-las-05.43.15_9838b72f.jpg?resize=350%2C200&ssl=1","width":350,"height":200,"srcset":"https:\/\/i0.wp.com\/rugra-rdr.com\/wp-content\/uploads\/2025\/05\/Imagen-de-WhatsApp-2025-05-18-a-las-05.43.15_9838b72f.jpg?resize=350%2C200&ssl=1 1x, https:\/\/i0.wp.com\/rugra-rdr.com\/wp-content\/uploads\/2025\/05\/Imagen-de-WhatsApp-2025-05-18-a-las-05.43.15_9838b72f.jpg?resize=525%2C300&ssl=1 1.5x, https:\/\/i0.wp.com\/rugra-rdr.com\/wp-content\/uploads\/2025\/05\/Imagen-de-WhatsApp-2025-05-18-a-las-05.43.15_9838b72f.jpg?resize=700%2C400&ssl=1 2x"},"classes":[]},{"id":80,"url":"https:\/\/rugra-rdr.com\/en_en\/servicios\/","url_meta":{"origin":54,"position":1},"title":"Services","author":"hectormoyaunda","date":"15 de April de 2025","format":false,"excerpt":"Servicios Dise\u00f1o de Soluciones Tecnol\u00f3gicas En RUGRA desarrollamos soluciones avanzadas en equipamiento para la defensa, soporte y ataque electr\u00f3nico. Nuestro enfoque combina ingenier\u00eda de alto nivel con visi\u00f3n operativa, dise\u00f1ando tecnolog\u00edas a medida para entornos exigentes. Ofrecemos sistemas personalizados que incluyen monitoreo espectral, estimaci\u00f3n de direcci\u00f3n de llegada (DoA), direcci\u00f3n\u2026","rel":"","context":"Similar post","block_context":{"text":"Similar post","link":""},"img":{"alt_text":"","src":"https:\/\/i0.wp.com\/rugra-rdr.com\/wp-content\/uploads\/2025\/04\/IMG-20220414-WA0003-copia.jpg?resize=350%2C200&ssl=1","width":350,"height":200,"srcset":"https:\/\/i0.wp.com\/rugra-rdr.com\/wp-content\/uploads\/2025\/04\/IMG-20220414-WA0003-copia.jpg?resize=350%2C200&ssl=1 1x, https:\/\/i0.wp.com\/rugra-rdr.com\/wp-content\/uploads\/2025\/04\/IMG-20220414-WA0003-copia.jpg?resize=525%2C300&ssl=1 1.5x, https:\/\/i0.wp.com\/rugra-rdr.com\/wp-content\/uploads\/2025\/04\/IMG-20220414-WA0003-copia.jpg?resize=700%2C400&ssl=1 2x, https:\/\/i0.wp.com\/rugra-rdr.com\/wp-content\/uploads\/2025\/04\/IMG-20220414-WA0003-copia.jpg?resize=1050%2C600&ssl=1 3x"},"classes":[]}],"_links":{"self":[{"href":"https:\/\/rugra-rdr.com\/en_en\/wp-json\/wp\/v2\/pages\/54","targetHints":{"allow":["GET"]}}],"collection":[{"href":"https:\/\/rugra-rdr.com\/en_en\/wp-json\/wp\/v2\/pages"}],"about":[{"href":"https:\/\/rugra-rdr.com\/en_en\/wp-json\/wp\/v2\/types\/page"}],"author":[{"embeddable":true,"href":"https:\/\/rugra-rdr.com\/en_en\/wp-json\/wp\/v2\/users\/240894959"}],"replies":[{"embeddable":true,"href":"https:\/\/rugra-rdr.com\/en_en\/wp-json\/wp\/v2\/comments?post=54"}],"version-history":[{"count":3,"href":"https:\/\/rugra-rdr.com\/en_en\/wp-json\/wp\/v2\/pages\/54\/revisions"}],"predecessor-version":[{"id":253,"href":"https:\/\/rugra-rdr.com\/en_en\/wp-json\/wp\/v2\/pages\/54\/revisions\/253"}],"wp:attachment":[{"href":"https:\/\/rugra-rdr.com\/en_en\/wp-json\/wp\/v2\/media?parent=54"}],"curies":[{"name":"wp","href":"https:\/\/api.w.org\/{rel}","templated":true}]}}