{"id":49,"date":"2025-04-15T12:20:02","date_gmt":"2025-04-15T16:20:02","guid":{"rendered":"https:\/\/rugra-rdr.com\/?page_id=49"},"modified":"2025-05-18T07:18:14","modified_gmt":"2025-05-18T11:18:14","slug":"control-armas","status":"publish","type":"page","link":"https:\/\/rugra-rdr.com\/en_en\/control-armas\/","title":{"rendered":"Weapons control"},"content":{"rendered":"<p class=\"wp-block-paragraph\"><\/p>\n\n\n\n<div class=\"wp-block-group alignfull is-style-default is-content-justification-center is-layout-constrained wp-container-core-group-is-layout-58158683 wp-block-group-is-layout-constrained\" style=\"margin-top:0;margin-bottom:0;padding-top:var(--wp--preset--spacing--50);padding-bottom:var(--wp--preset--spacing--50)\">\n<h2 class=\"wp-block-heading alignwide wp-container-content-958eb9dc\">Weapons control<\/h2>\n\n\n\n<div class=\"wp-block-group alignwide is-layout-flow wp-block-group-is-layout-flow\" style=\"margin-top:0;margin-bottom:0\">\n<div class=\"wp-block-group alignwide is-layout-flow wp-block-group-is-layout-flow\">\n<div style=\"height:21px\" aria-hidden=\"true\" class=\"wp-block-spacer\"><\/div>\n\n\n\n<p class=\"wp-block-paragraph\">Weapons control Prototype<\/p>\n\n\n\n<div class=\"wp-block-columns alignwide is-layout-flex wp-container-core-columns-is-layout-85d2abdf wp-block-columns-is-layout-flex\">\n<div class=\"wp-block-column is-layout-flow wp-container-core-column-is-layout-a7dce961 wp-block-column-is-layout-flow\">\n<div class=\"wp-block-group is-vertical is-nowrap is-layout-flex wp-container-core-group-is-layout-2806101f wp-block-group-is-layout-flex\">\n<figure class=\"wp-block-image size-large wp-duotone-unset-1\"><img data-recalc-dims=\"1\" loading=\"lazy\" decoding=\"async\" width=\"576\" height=\"1024\" data-attachment-id=\"270\" data-permalink=\"https:\/\/rugra-rdr.com\/en_en\/control-armas\/imagen-de-whatsapp-2025-05-18-a-las-05-43-15_9838b72f\/\" data-orig-file=\"https:\/\/i0.wp.com\/rugra-rdr.com\/wp-content\/uploads\/2025\/05\/Imagen-de-WhatsApp-2025-05-18-a-las-05.43.15_9838b72f.jpg?fit=720%2C1280&amp;ssl=1\" data-orig-size=\"720,1280\" data-comments-opened=\"1\" data-image-meta=\"{&quot;aperture&quot;:&quot;0&quot;,&quot;credit&quot;:&quot;&quot;,&quot;camera&quot;:&quot;&quot;,&quot;caption&quot;:&quot;&quot;,&quot;created_timestamp&quot;:&quot;0&quot;,&quot;copyright&quot;:&quot;&quot;,&quot;focal_length&quot;:&quot;0&quot;,&quot;iso&quot;:&quot;0&quot;,&quot;shutter_speed&quot;:&quot;0&quot;,&quot;title&quot;:&quot;&quot;,&quot;orientation&quot;:&quot;0&quot;}\" data-image-title=\"Imagen de WhatsApp 2025-05-18 a las 05.43.15_9838b72f\" data-image-description=\"\" data-image-caption=\"\" data-large-file=\"https:\/\/i0.wp.com\/rugra-rdr.com\/wp-content\/uploads\/2025\/05\/Imagen-de-WhatsApp-2025-05-18-a-las-05.43.15_9838b72f.jpg?fit=576%2C1024&amp;ssl=1\" src=\"https:\/\/i0.wp.com\/rugra-rdr.com\/wp-content\/uploads\/2025\/05\/Imagen-de-WhatsApp-2025-05-18-a-las-05.43.15_9838b72f.jpg?resize=576%2C1024&#038;ssl=1\" alt=\"\" class=\"wp-image-270\" style=\"aspect-ratio:1;object-fit:cover\" srcset=\"https:\/\/i0.wp.com\/rugra-rdr.com\/wp-content\/uploads\/2025\/05\/Imagen-de-WhatsApp-2025-05-18-a-las-05.43.15_9838b72f.jpg?resize=576%2C1024&amp;ssl=1 576w, https:\/\/i0.wp.com\/rugra-rdr.com\/wp-content\/uploads\/2025\/05\/Imagen-de-WhatsApp-2025-05-18-a-las-05.43.15_9838b72f.jpg?resize=169%2C300&amp;ssl=1 169w, https:\/\/i0.wp.com\/rugra-rdr.com\/wp-content\/uploads\/2025\/05\/Imagen-de-WhatsApp-2025-05-18-a-las-05.43.15_9838b72f.jpg?resize=7%2C12&amp;ssl=1 7w, https:\/\/i0.wp.com\/rugra-rdr.com\/wp-content\/uploads\/2025\/05\/Imagen-de-WhatsApp-2025-05-18-a-las-05.43.15_9838b72f.jpg?w=720&amp;ssl=1 720w\" sizes=\"auto, (max-width: 576px) 100vw, 576px\" \/><\/figure>\n<\/div>\n<\/div>\n\n\n\n<div class=\"wp-block-column is-layout-flow wp-container-core-column-is-layout-a7dce961 wp-block-column-is-layout-flow\">\n<div class=\"wp-block-group is-vertical is-layout-flex wp-container-core-group-is-layout-5afb258d wp-block-group-is-layout-flex\">\n<figure class=\"wp-block-image size-large wp-duotone-unset-2\"><img data-recalc-dims=\"1\" loading=\"lazy\" decoding=\"async\" width=\"768\" height=\"1024\" data-attachment-id=\"271\" data-permalink=\"https:\/\/rugra-rdr.com\/en_en\/control-armas\/imagen-de-whatsapp-2025-05-18-a-las-05-43-14_a99f2340\/\" data-orig-file=\"https:\/\/i0.wp.com\/rugra-rdr.com\/wp-content\/uploads\/2025\/05\/Imagen-de-WhatsApp-2025-05-18-a-las-05.43.14_a99f2340.jpg?fit=960%2C1280&amp;ssl=1\" data-orig-size=\"960,1280\" data-comments-opened=\"1\" data-image-meta=\"{&quot;aperture&quot;:&quot;0&quot;,&quot;credit&quot;:&quot;&quot;,&quot;camera&quot;:&quot;&quot;,&quot;caption&quot;:&quot;&quot;,&quot;created_timestamp&quot;:&quot;0&quot;,&quot;copyright&quot;:&quot;&quot;,&quot;focal_length&quot;:&quot;0&quot;,&quot;iso&quot;:&quot;0&quot;,&quot;shutter_speed&quot;:&quot;0&quot;,&quot;title&quot;:&quot;&quot;,&quot;orientation&quot;:&quot;0&quot;}\" data-image-title=\"Imagen de WhatsApp 2025-05-18 a las 05.43.14_a99f2340\" data-image-description=\"\" data-image-caption=\"\" data-large-file=\"https:\/\/i0.wp.com\/rugra-rdr.com\/wp-content\/uploads\/2025\/05\/Imagen-de-WhatsApp-2025-05-18-a-las-05.43.14_a99f2340.jpg?fit=768%2C1024&amp;ssl=1\" src=\"https:\/\/i0.wp.com\/rugra-rdr.com\/wp-content\/uploads\/2025\/05\/Imagen-de-WhatsApp-2025-05-18-a-las-05.43.14_a99f2340.jpg?resize=768%2C1024&#038;ssl=1\" alt=\"\" class=\"wp-image-271\" style=\"aspect-ratio:1;object-fit:cover\" srcset=\"https:\/\/i0.wp.com\/rugra-rdr.com\/wp-content\/uploads\/2025\/05\/Imagen-de-WhatsApp-2025-05-18-a-las-05.43.14_a99f2340.jpg?resize=768%2C1024&amp;ssl=1 768w, https:\/\/i0.wp.com\/rugra-rdr.com\/wp-content\/uploads\/2025\/05\/Imagen-de-WhatsApp-2025-05-18-a-las-05.43.14_a99f2340.jpg?resize=225%2C300&amp;ssl=1 225w, https:\/\/i0.wp.com\/rugra-rdr.com\/wp-content\/uploads\/2025\/05\/Imagen-de-WhatsApp-2025-05-18-a-las-05.43.14_a99f2340.jpg?resize=9%2C12&amp;ssl=1 9w, https:\/\/i0.wp.com\/rugra-rdr.com\/wp-content\/uploads\/2025\/05\/Imagen-de-WhatsApp-2025-05-18-a-las-05.43.14_a99f2340.jpg?resize=900%2C1200&amp;ssl=1 900w, https:\/\/i0.wp.com\/rugra-rdr.com\/wp-content\/uploads\/2025\/05\/Imagen-de-WhatsApp-2025-05-18-a-las-05.43.14_a99f2340.jpg?resize=600%2C800&amp;ssl=1 600w, https:\/\/i0.wp.com\/rugra-rdr.com\/wp-content\/uploads\/2025\/05\/Imagen-de-WhatsApp-2025-05-18-a-las-05.43.14_a99f2340.jpg?resize=450%2C600&amp;ssl=1 450w, https:\/\/i0.wp.com\/rugra-rdr.com\/wp-content\/uploads\/2025\/05\/Imagen-de-WhatsApp-2025-05-18-a-las-05.43.14_a99f2340.jpg?resize=300%2C400&amp;ssl=1 300w, https:\/\/i0.wp.com\/rugra-rdr.com\/wp-content\/uploads\/2025\/05\/Imagen-de-WhatsApp-2025-05-18-a-las-05.43.14_a99f2340.jpg?resize=150%2C200&amp;ssl=1 150w, https:\/\/i0.wp.com\/rugra-rdr.com\/wp-content\/uploads\/2025\/05\/Imagen-de-WhatsApp-2025-05-18-a-las-05.43.14_a99f2340.jpg?w=960&amp;ssl=1 960w\" sizes=\"auto, (max-width: 768px) 100vw, 768px\" \/><\/figure>\n<\/div>\n<\/div>\n\n\n\n<div class=\"wp-block-column is-layout-flow wp-container-core-column-is-layout-a7dce961 wp-block-column-is-layout-flow\">\n<div class=\"wp-block-group is-vertical is-layout-flex wp-container-core-group-is-layout-5afb258d wp-block-group-is-layout-flex\">\n<figure class=\"wp-block-image size-large wp-duotone-unset-3\"><img data-recalc-dims=\"1\" loading=\"lazy\" decoding=\"async\" width=\"1024\" height=\"576\" data-attachment-id=\"272\" data-permalink=\"https:\/\/rugra-rdr.com\/en_en\/control-armas\/imagen-de-whatsapp-2025-05-18-a-las-05-43-15_e16c0dc5\/\" data-orig-file=\"https:\/\/i0.wp.com\/rugra-rdr.com\/wp-content\/uploads\/2025\/05\/Imagen-de-WhatsApp-2025-05-18-a-las-05.43.15_e16c0dc5.jpg?fit=1280%2C720&amp;ssl=1\" data-orig-size=\"1280,720\" data-comments-opened=\"1\" data-image-meta=\"{&quot;aperture&quot;:&quot;0&quot;,&quot;credit&quot;:&quot;&quot;,&quot;camera&quot;:&quot;&quot;,&quot;caption&quot;:&quot;&quot;,&quot;created_timestamp&quot;:&quot;0&quot;,&quot;copyright&quot;:&quot;&quot;,&quot;focal_length&quot;:&quot;0&quot;,&quot;iso&quot;:&quot;0&quot;,&quot;shutter_speed&quot;:&quot;0&quot;,&quot;title&quot;:&quot;&quot;,&quot;orientation&quot;:&quot;0&quot;}\" data-image-title=\"Imagen de WhatsApp 2025-05-18 a las 05.43.15_e16c0dc5\" data-image-description=\"\" data-image-caption=\"\" data-large-file=\"https:\/\/i0.wp.com\/rugra-rdr.com\/wp-content\/uploads\/2025\/05\/Imagen-de-WhatsApp-2025-05-18-a-las-05.43.15_e16c0dc5.jpg?fit=1024%2C576&amp;ssl=1\" src=\"https:\/\/i0.wp.com\/rugra-rdr.com\/wp-content\/uploads\/2025\/05\/Imagen-de-WhatsApp-2025-05-18-a-las-05.43.15_e16c0dc5.jpg?resize=1024%2C576&#038;ssl=1\" alt=\"\" class=\"wp-image-272\" style=\"aspect-ratio:1;object-fit:cover\" srcset=\"https:\/\/i0.wp.com\/rugra-rdr.com\/wp-content\/uploads\/2025\/05\/Imagen-de-WhatsApp-2025-05-18-a-las-05.43.15_e16c0dc5.jpg?resize=1024%2C576&amp;ssl=1 1024w, https:\/\/i0.wp.com\/rugra-rdr.com\/wp-content\/uploads\/2025\/05\/Imagen-de-WhatsApp-2025-05-18-a-las-05.43.15_e16c0dc5.jpg?resize=300%2C169&amp;ssl=1 300w, https:\/\/i0.wp.com\/rugra-rdr.com\/wp-content\/uploads\/2025\/05\/Imagen-de-WhatsApp-2025-05-18-a-las-05.43.15_e16c0dc5.jpg?resize=768%2C432&amp;ssl=1 768w, https:\/\/i0.wp.com\/rugra-rdr.com\/wp-content\/uploads\/2025\/05\/Imagen-de-WhatsApp-2025-05-18-a-las-05.43.15_e16c0dc5.jpg?resize=18%2C10&amp;ssl=1 18w, https:\/\/i0.wp.com\/rugra-rdr.com\/wp-content\/uploads\/2025\/05\/Imagen-de-WhatsApp-2025-05-18-a-las-05.43.15_e16c0dc5.jpg?resize=1200%2C675&amp;ssl=1 1200w, https:\/\/i0.wp.com\/rugra-rdr.com\/wp-content\/uploads\/2025\/05\/Imagen-de-WhatsApp-2025-05-18-a-las-05.43.15_e16c0dc5.jpg?w=1280&amp;ssl=1 1280w\" sizes=\"auto, (max-width: 1000px) 100vw, 1000px\" \/><\/figure>\n<\/div>\n<\/div>\n<\/div>\n<\/div>\n<\/div>\n<\/div>","protected":false},"excerpt":{"rendered":"<p>Control de Armas Prototipo de control de armas<\/p>","protected":false},"author":240894959,"featured_media":0,"parent":0,"menu_order":0,"comment_status":"closed","ping_status":"closed","template":"","meta":{"_crdt_document":"","site-sidebar-layout":"default","site-content-layout":"","ast-site-content-layout":"","site-content-style":"default","site-sidebar-style":"default","ast-global-header-display":"","ast-banner-title-visibility":"","ast-main-header-display":"","ast-hfb-above-header-display":"","ast-hfb-below-header-display":"","ast-hfb-mobile-header-display":"","site-post-title":"disabled","ast-breadcrumbs-content":"","ast-featured-img":"","footer-sml-layout":"","theme-transparent-header-meta":"","adv-header-id-meta":"","stick-header-meta":"","header-above-stick-meta":"","header-main-stick-meta":"","header-below-stick-meta":"","astra-migrate-meta-layouts":"default","ast-page-background-enabled":"default","ast-page-background-meta":{"desktop":{"background-color":"var(--ast-global-color-5)","background-image":"","background-repeat":"repeat","background-position":"center center","background-size":"auto","background-attachment":"scroll","background-type":"","background-media":"","overlay-type":"","overlay-color":"","overlay-opacity":"","overlay-gradient":""},"tablet":{"background-color":"","background-image":"","background-repeat":"repeat","background-position":"center center","background-size":"auto","background-attachment":"scroll","background-type":"","background-media":"","overlay-type":"","overlay-color":"","overlay-opacity":"","overlay-gradient":""},"mobile":{"background-color":"","background-image":"","background-repeat":"repeat","background-position":"center center","background-size":"auto","background-attachment":"scroll","background-type":"","background-media":"","overlay-type":"","overlay-color":"","overlay-opacity":"","overlay-gradient":""}},"ast-content-background-meta":{"desktop":{"background-color":"var(--ast-global-color-4)","background-image":"","background-repeat":"repeat","background-position":"center center","background-size":"auto","background-attachment":"scroll","background-type":"","background-media":"","overlay-type":"","overlay-color":"","overlay-opacity":"","overlay-gradient":""},"tablet":{"background-color":"var(--ast-global-color-4)","background-image":"","background-repeat":"repeat","background-position":"center center","background-size":"auto","background-attachment":"scroll","background-type":"","background-media":"","overlay-type":"","overlay-color":"","overlay-opacity":"","overlay-gradient":""},"mobile":{"background-color":"var(--ast-global-color-4)","background-image":"","background-repeat":"repeat","background-position":"center center","background-size":"auto","background-attachment":"scroll","background-type":"","background-media":"","overlay-type":"","overlay-color":"","overlay-opacity":"","overlay-gradient":""}},"advanced_seo_description":"","jetpack_seo_html_title":"","jetpack_seo_noindex":false,"footnotes":""},"class_list":["post-49","page","type-page","status-publish","hentry"],"featured_image_src":null,"jetpack_likes_enabled":true,"jetpack_sharing_enabled":true,"jetpack_shortlink":"https:\/\/wp.me\/Pfbitn-N","jetpack-related-posts":[{"id":54,"url":"https:\/\/rugra-rdr.com\/en_en\/prototipos\/","url_meta":{"origin":49,"position":0},"title":"Prototypes","author":"hectormoyaunda","date":"15 de April de 2025","format":false,"excerpt":"Prototipos En RUGRA estamos comprometidos con la investigaci\u00f3n y desarrollo continuo de soluciones tecnol\u00f3gicas avanzadas para escenarios operacionales modernos. Nuestro trabajo se centra en el dise\u00f1o y validaci\u00f3n de sistemas que integran inteligencia artificial, control digital y capacidades electromagn\u00e9ticas de \u00faltima generaci\u00f3n. Desarrollamos tecnolog\u00edas como: Nuevos sistemas de radar de\u2026","rel":"","context":"Similar post","block_context":{"text":"Similar post","link":""},"img":{"alt_text":"","src":"https:\/\/i0.wp.com\/rugra-rdr.com\/wp-content\/uploads\/2025\/05\/IMG20231019083000.jpg?resize=350%2C200&ssl=1","width":350,"height":200,"srcset":"https:\/\/i0.wp.com\/rugra-rdr.com\/wp-content\/uploads\/2025\/05\/IMG20231019083000.jpg?resize=350%2C200&ssl=1 1x, https:\/\/i0.wp.com\/rugra-rdr.com\/wp-content\/uploads\/2025\/05\/IMG20231019083000.jpg?resize=525%2C300&ssl=1 1.5x, https:\/\/i0.wp.com\/rugra-rdr.com\/wp-content\/uploads\/2025\/05\/IMG20231019083000.jpg?resize=700%2C400&ssl=1 2x, https:\/\/i0.wp.com\/rugra-rdr.com\/wp-content\/uploads\/2025\/05\/IMG20231019083000.jpg?resize=1050%2C600&ssl=1 3x, https:\/\/i0.wp.com\/rugra-rdr.com\/wp-content\/uploads\/2025\/05\/IMG20231019083000.jpg?resize=1400%2C800&ssl=1 4x"},"classes":[]},{"id":75,"url":"https:\/\/rugra-rdr.com\/en_en\/acerca-de\/","url_meta":{"origin":49,"position":1},"title":"About","author":"hectormoyaunda","date":"15 de April de 2025","format":false,"excerpt":"RUGRA Repairing Upgrading Global Radar Advance RUGRA es una iniciativa que nace de un grupo de profesionales y profesores jubilados y formados en la Escuela Polit\u00e9cnica del Ejercito (1985-1997) y la Universidad de las Fuerzas Armadas ESPE (2019-2020). Durante el conflicto armado con uno de nuestros vecinos en la d\u00e9cada\u2026","rel":"","context":"Similar post","block_context":{"text":"Similar post","link":""},"img":{"alt_text":"","src":"https:\/\/i0.wp.com\/rugra-rdr.com\/wp-content\/uploads\/2025\/04\/insert-RUGRA-here-3.png?resize=350%2C200&ssl=1","width":350,"height":200,"srcset":"https:\/\/i0.wp.com\/rugra-rdr.com\/wp-content\/uploads\/2025\/04\/insert-RUGRA-here-3.png?resize=350%2C200&ssl=1 1x, https:\/\/i0.wp.com\/rugra-rdr.com\/wp-content\/uploads\/2025\/04\/insert-RUGRA-here-3.png?resize=525%2C300&ssl=1 1.5x"},"classes":[]}],"_links":{"self":[{"href":"https:\/\/rugra-rdr.com\/en_en\/wp-json\/wp\/v2\/pages\/49","targetHints":{"allow":["GET"]}}],"collection":[{"href":"https:\/\/rugra-rdr.com\/en_en\/wp-json\/wp\/v2\/pages"}],"about":[{"href":"https:\/\/rugra-rdr.com\/en_en\/wp-json\/wp\/v2\/types\/page"}],"author":[{"embeddable":true,"href":"https:\/\/rugra-rdr.com\/en_en\/wp-json\/wp\/v2\/users\/240894959"}],"replies":[{"embeddable":true,"href":"https:\/\/rugra-rdr.com\/en_en\/wp-json\/wp\/v2\/comments?post=49"}],"version-history":[{"count":4,"href":"https:\/\/rugra-rdr.com\/en_en\/wp-json\/wp\/v2\/pages\/49\/revisions"}],"predecessor-version":[{"id":273,"href":"https:\/\/rugra-rdr.com\/en_en\/wp-json\/wp\/v2\/pages\/49\/revisions\/273"}],"wp:attachment":[{"href":"https:\/\/rugra-rdr.com\/en_en\/wp-json\/wp\/v2\/media?parent=49"}],"curies":[{"name":"wp","href":"https:\/\/api.w.org\/{rel}","templated":true}]}}