{"id":41,"date":"2025-04-15T12:15:10","date_gmt":"2025-04-15T16:15:10","guid":{"rendered":"https:\/\/rugra-rdr.com\/?page_id=41"},"modified":"2025-04-17T13:36:59","modified_gmt":"2025-04-17T17:36:59","slug":"oerlikon","status":"publish","type":"page","link":"https:\/\/rugra-rdr.com\/en_en\/oerlikon\/","title":{"rendered":"Oerlikon"},"content":{"rendered":"<figure class=\"wp-block-image aligncenter size-full\"><img data-recalc-dims=\"1\" loading=\"lazy\" decoding=\"async\" width=\"600\" height=\"200\" data-attachment-id=\"102\" data-permalink=\"https:\/\/rugra-rdr.com\/en_en\/uav\/insert-rugra-here-4\/\" data-orig-file=\"https:\/\/i0.wp.com\/rugra-rdr.com\/wp-content\/uploads\/2025\/04\/insert-RUGRA-here-3.png?fit=600%2C200&amp;ssl=1\" data-orig-size=\"600,200\" data-comments-opened=\"1\" data-image-meta=\"{&quot;aperture&quot;:&quot;0&quot;,&quot;credit&quot;:&quot;&quot;,&quot;camera&quot;:&quot;&quot;,&quot;caption&quot;:&quot;&quot;,&quot;created_timestamp&quot;:&quot;0&quot;,&quot;copyright&quot;:&quot;&quot;,&quot;focal_length&quot;:&quot;0&quot;,&quot;iso&quot;:&quot;0&quot;,&quot;shutter_speed&quot;:&quot;0&quot;,&quot;title&quot;:&quot;&quot;,&quot;orientation&quot;:&quot;0&quot;}\" data-image-title=\"insert RUGRA here\" data-image-description=\"\" data-image-caption=\"\" data-large-file=\"https:\/\/i0.wp.com\/rugra-rdr.com\/wp-content\/uploads\/2025\/04\/insert-RUGRA-here-3.png?fit=600%2C200&amp;ssl=1\" src=\"https:\/\/i0.wp.com\/rugra-rdr.com\/wp-content\/uploads\/2025\/04\/insert-RUGRA-here-3.png?resize=600%2C200&#038;ssl=1\" alt=\"\" class=\"wp-image-102\" srcset=\"https:\/\/i0.wp.com\/rugra-rdr.com\/wp-content\/uploads\/2025\/04\/insert-RUGRA-here-3.png?w=600&amp;ssl=1 600w, https:\/\/i0.wp.com\/rugra-rdr.com\/wp-content\/uploads\/2025\/04\/insert-RUGRA-here-3.png?resize=300%2C100&amp;ssl=1 300w\" sizes=\"auto, (max-width: 600px) 100vw, 600px\" \/><\/figure>\n\n\n\n<div class=\"wp-block-group alignfull is-content-justification-center is-layout-constrained wp-block-group-is-layout-constrained\" style=\"margin-top:0;margin-bottom:0;padding-top:var(--wp--preset--spacing--40);padding-bottom:var(--wp--preset--spacing--40)\">\n<div class=\"wp-block-columns alignwide are-vertically-aligned-center is-layout-flex wp-container-core-columns-is-layout-7387b849 wp-block-columns-is-layout-flex\">\n<div class=\"wp-block-column is-vertically-aligned-center is-content-justification-left is-layout-constrained wp-container-core-column-is-layout-926b4b69 wp-block-column-is-layout-constrained\">\n<h2 class=\"wp-block-heading\">Modernisation of Oerllikon Radar System<\/h2>\n\n\n\n<p class=\"wp-block-paragraph\">The modernisation was executed in 3 areas: Mechanical reparation, electrical reparation, and development of brand new radar processors based on OEM hardware. <\/p>\n<\/div>\n\n\n\n<div class=\"wp-block-column is-vertically-aligned-center is-layout-flow wp-block-column-is-layout-flow\">\n<figure class=\"wp-block-video wp-block-embed is-type-video is-provider-videopress\"><div class=\"wp-block-embed__wrapper\">\n<div class=\"ast-oembed-container\" style=\"height: 100%;\"><iframe title=\"VideoPress Video Player\" aria-label='VideoPress Video Player' width='500' height='275' src='https:\/\/videopress.com\/embed\/yS9E3ZRo?cover=1&amp;preloadContent=metadata&amp;useAverageColor=1&amp;hd=0' frameborder='0' allowfullscreen data-resize-to-parent=\"true\" allow='clipboard-write'><\/iframe><script src='https:\/\/v0.wordpress.com\/js\/next\/videopress-iframe.js?m=1739540970'><\/script><\/div>\n<\/div><\/figure>\n<\/div>\n<\/div>\n<\/div>\n\n\n\n<div class=\"wp-block-group alignfull is-style-section-1 is-content-justification-center is-layout-constrained wp-container-core-group-is-layout-cdf99998 wp-block-group-is-layout-constrained\" style=\"margin-top:0;margin-bottom:0;padding-top:var(--wp--preset--spacing--40);padding-bottom:var(--wp--preset--spacing--40)\">\n<div class=\"wp-block-columns alignwide is-layout-flex wp-container-core-columns-is-layout-85d2abdf wp-block-columns-is-layout-flex\">\n<div class=\"wp-block-column is-layout-flow wp-container-core-column-is-layout-a7dce961 wp-block-column-is-layout-flow\">\n<div class=\"wp-block-group is-vertical is-nowrap is-layout-flex wp-container-core-group-is-layout-2806101f wp-block-group-is-layout-flex\">\n<figure class=\"wp-block-image size-large wp-duotone-unset-1\"><img data-recalc-dims=\"1\" loading=\"lazy\" decoding=\"async\" width=\"1024\" height=\"768\" data-attachment-id=\"155\" data-permalink=\"https:\/\/rugra-rdr.com\/en_en\/oerlikon\/img_20200203_073322\/\" data-orig-file=\"https:\/\/i0.wp.com\/rugra-rdr.com\/wp-content\/uploads\/2025\/04\/IMG_20200203_073322.jpg?fit=4000%2C3000&amp;ssl=1\" data-orig-size=\"4000,3000\" data-comments-opened=\"1\" data-image-meta=\"{&quot;aperture&quot;:&quot;1.79&quot;,&quot;credit&quot;:&quot;&quot;,&quot;camera&quot;:&quot;Mi A3&quot;,&quot;caption&quot;:&quot;&quot;,&quot;created_timestamp&quot;:&quot;1580715202&quot;,&quot;copyright&quot;:&quot;&quot;,&quot;focal_length&quot;:&quot;4.71&quot;,&quot;iso&quot;:&quot;100&quot;,&quot;shutter_speed&quot;:&quot;0.0011273957158963&quot;,&quot;title&quot;:&quot;&quot;,&quot;orientation&quot;:&quot;1&quot;}\" data-image-title=\"IMG_20200203_073322\" data-image-description=\"\" data-image-caption=\"\" data-large-file=\"https:\/\/i0.wp.com\/rugra-rdr.com\/wp-content\/uploads\/2025\/04\/IMG_20200203_073322.jpg?fit=1024%2C768&amp;ssl=1\" src=\"https:\/\/i0.wp.com\/rugra-rdr.com\/wp-content\/uploads\/2025\/04\/IMG_20200203_073322.jpg?resize=1024%2C768&#038;ssl=1\" alt=\"\" class=\"wp-image-155\" style=\"aspect-ratio:1;object-fit:cover\" srcset=\"https:\/\/i0.wp.com\/rugra-rdr.com\/wp-content\/uploads\/2025\/04\/IMG_20200203_073322.jpg?resize=1024%2C768&amp;ssl=1 1024w, https:\/\/i0.wp.com\/rugra-rdr.com\/wp-content\/uploads\/2025\/04\/IMG_20200203_073322.jpg?resize=300%2C225&amp;ssl=1 300w, https:\/\/i0.wp.com\/rugra-rdr.com\/wp-content\/uploads\/2025\/04\/IMG_20200203_073322.jpg?resize=768%2C576&amp;ssl=1 768w, https:\/\/i0.wp.com\/rugra-rdr.com\/wp-content\/uploads\/2025\/04\/IMG_20200203_073322.jpg?resize=1536%2C1152&amp;ssl=1 1536w, https:\/\/i0.wp.com\/rugra-rdr.com\/wp-content\/uploads\/2025\/04\/IMG_20200203_073322.jpg?resize=2048%2C1536&amp;ssl=1 2048w, https:\/\/i0.wp.com\/rugra-rdr.com\/wp-content\/uploads\/2025\/04\/IMG_20200203_073322.jpg?resize=1200%2C900&amp;ssl=1 1200w, https:\/\/i0.wp.com\/rugra-rdr.com\/wp-content\/uploads\/2025\/04\/IMG_20200203_073322.jpg?resize=800%2C600&amp;ssl=1 800w, https:\/\/i0.wp.com\/rugra-rdr.com\/wp-content\/uploads\/2025\/04\/IMG_20200203_073322.jpg?resize=600%2C450&amp;ssl=1 600w, https:\/\/i0.wp.com\/rugra-rdr.com\/wp-content\/uploads\/2025\/04\/IMG_20200203_073322.jpg?resize=400%2C300&amp;ssl=1 400w, https:\/\/i0.wp.com\/rugra-rdr.com\/wp-content\/uploads\/2025\/04\/IMG_20200203_073322.jpg?resize=200%2C150&amp;ssl=1 200w, https:\/\/i0.wp.com\/rugra-rdr.com\/wp-content\/uploads\/2025\/04\/IMG_20200203_073322.jpg?w=3000&amp;ssl=1 3000w\" sizes=\"auto, (max-width: 1000px) 100vw, 1000px\" \/><\/figure>\n\n\n\n<div class=\"wp-block-group is-vertical is-nowrap is-layout-flex wp-container-core-group-is-layout-8c058a69 wp-block-group-is-layout-flex\">\n<h3 class=\"wp-block-heading\">Mechanical maintenance<\/h3>\n\n\n\n<p class=\"wp-block-paragraph\"><\/p>\n<\/div>\n<\/div>\n<\/div>\n\n\n\n<div class=\"wp-block-column is-layout-flow wp-container-core-column-is-layout-a7dce961 wp-block-column-is-layout-flow\">\n<div class=\"wp-block-group is-vertical is-layout-flex wp-container-core-group-is-layout-5afb258d wp-block-group-is-layout-flex\">\n<figure class=\"wp-block-image size-large wp-duotone-unset-2\"><img data-recalc-dims=\"1\" loading=\"lazy\" decoding=\"async\" width=\"1024\" height=\"575\" data-attachment-id=\"157\" data-permalink=\"https:\/\/rugra-rdr.com\/en_en\/oerlikon\/imagen-de-whatsapp-2025-04-15-a-las-14-34-33_9cc48489\/\" data-orig-file=\"https:\/\/i0.wp.com\/rugra-rdr.com\/wp-content\/uploads\/2025\/04\/Imagen-de-WhatsApp-2025-04-15-a-las-14.34.33_9cc48489.jpg?fit=1280%2C719&amp;ssl=1\" data-orig-size=\"1280,719\" data-comments-opened=\"1\" data-image-meta=\"{&quot;aperture&quot;:&quot;0&quot;,&quot;credit&quot;:&quot;&quot;,&quot;camera&quot;:&quot;&quot;,&quot;caption&quot;:&quot;&quot;,&quot;created_timestamp&quot;:&quot;0&quot;,&quot;copyright&quot;:&quot;&quot;,&quot;focal_length&quot;:&quot;0&quot;,&quot;iso&quot;:&quot;0&quot;,&quot;shutter_speed&quot;:&quot;0&quot;,&quot;title&quot;:&quot;&quot;,&quot;orientation&quot;:&quot;0&quot;}\" data-image-title=\"Imagen de WhatsApp 2025-04-15 a las 14.34.33_9cc48489\" data-image-description=\"\" data-image-caption=\"\" data-large-file=\"https:\/\/i0.wp.com\/rugra-rdr.com\/wp-content\/uploads\/2025\/04\/Imagen-de-WhatsApp-2025-04-15-a-las-14.34.33_9cc48489.jpg?fit=1024%2C575&amp;ssl=1\" src=\"https:\/\/i0.wp.com\/rugra-rdr.com\/wp-content\/uploads\/2025\/04\/Imagen-de-WhatsApp-2025-04-15-a-las-14.34.33_9cc48489.jpg?resize=1024%2C575&#038;ssl=1\" alt=\"\" class=\"wp-image-157\" style=\"aspect-ratio:1;object-fit:cover\" srcset=\"https:\/\/i0.wp.com\/rugra-rdr.com\/wp-content\/uploads\/2025\/04\/Imagen-de-WhatsApp-2025-04-15-a-las-14.34.33_9cc48489.jpg?resize=1024%2C575&amp;ssl=1 1024w, https:\/\/i0.wp.com\/rugra-rdr.com\/wp-content\/uploads\/2025\/04\/Imagen-de-WhatsApp-2025-04-15-a-las-14.34.33_9cc48489.jpg?resize=300%2C169&amp;ssl=1 300w, https:\/\/i0.wp.com\/rugra-rdr.com\/wp-content\/uploads\/2025\/04\/Imagen-de-WhatsApp-2025-04-15-a-las-14.34.33_9cc48489.jpg?resize=768%2C431&amp;ssl=1 768w, https:\/\/i0.wp.com\/rugra-rdr.com\/wp-content\/uploads\/2025\/04\/Imagen-de-WhatsApp-2025-04-15-a-las-14.34.33_9cc48489.jpg?resize=1200%2C674&amp;ssl=1 1200w, https:\/\/i0.wp.com\/rugra-rdr.com\/wp-content\/uploads\/2025\/04\/Imagen-de-WhatsApp-2025-04-15-a-las-14.34.33_9cc48489.jpg?w=1280&amp;ssl=1 1280w\" sizes=\"auto, (max-width: 1000px) 100vw, 1000px\" \/><\/figure>\n\n\n\n<div class=\"wp-block-group is-vertical is-nowrap is-layout-flex wp-container-core-group-is-layout-8c058a69 wp-block-group-is-layout-flex\">\n<h3 class=\"wp-block-heading\">Customised processors design<\/h3>\n<\/div>\n<\/div>\n<\/div>\n\n\n\n<div class=\"wp-block-column is-layout-flow wp-container-core-column-is-layout-a7dce961 wp-block-column-is-layout-flow\">\n<div class=\"wp-block-group is-vertical is-layout-flex wp-container-core-group-is-layout-5afb258d wp-block-group-is-layout-flex\">\n<figure class=\"wp-block-image size-large wp-duotone-unset-3\"><img data-recalc-dims=\"1\" loading=\"lazy\" decoding=\"async\" width=\"1024\" height=\"768\" data-attachment-id=\"158\" data-permalink=\"https:\/\/rugra-rdr.com\/en_en\/oerlikon\/img_20200203_072932\/\" data-orig-file=\"https:\/\/i0.wp.com\/rugra-rdr.com\/wp-content\/uploads\/2025\/04\/IMG_20200203_072932.jpg?fit=4000%2C3000&amp;ssl=1\" data-orig-size=\"4000,3000\" data-comments-opened=\"1\" data-image-meta=\"{&quot;aperture&quot;:&quot;1.79&quot;,&quot;credit&quot;:&quot;&quot;,&quot;camera&quot;:&quot;Mi A3&quot;,&quot;caption&quot;:&quot;&quot;,&quot;created_timestamp&quot;:&quot;1580714972&quot;,&quot;copyright&quot;:&quot;&quot;,&quot;focal_length&quot;:&quot;4.71&quot;,&quot;iso&quot;:&quot;100&quot;,&quot;shutter_speed&quot;:&quot;0.0051282051282051&quot;,&quot;title&quot;:&quot;&quot;,&quot;orientation&quot;:&quot;1&quot;}\" data-image-title=\"IMG_20200203_072932\" data-image-description=\"\" data-image-caption=\"\" data-large-file=\"https:\/\/i0.wp.com\/rugra-rdr.com\/wp-content\/uploads\/2025\/04\/IMG_20200203_072932.jpg?fit=1024%2C768&amp;ssl=1\" src=\"https:\/\/i0.wp.com\/rugra-rdr.com\/wp-content\/uploads\/2025\/04\/IMG_20200203_072932.jpg?resize=1024%2C768&#038;ssl=1\" alt=\"\" class=\"wp-image-158\" style=\"aspect-ratio:1;object-fit:cover\" srcset=\"https:\/\/i0.wp.com\/rugra-rdr.com\/wp-content\/uploads\/2025\/04\/IMG_20200203_072932.jpg?resize=1024%2C768&amp;ssl=1 1024w, https:\/\/i0.wp.com\/rugra-rdr.com\/wp-content\/uploads\/2025\/04\/IMG_20200203_072932.jpg?resize=300%2C225&amp;ssl=1 300w, https:\/\/i0.wp.com\/rugra-rdr.com\/wp-content\/uploads\/2025\/04\/IMG_20200203_072932.jpg?resize=768%2C576&amp;ssl=1 768w, https:\/\/i0.wp.com\/rugra-rdr.com\/wp-content\/uploads\/2025\/04\/IMG_20200203_072932.jpg?resize=1536%2C1152&amp;ssl=1 1536w, https:\/\/i0.wp.com\/rugra-rdr.com\/wp-content\/uploads\/2025\/04\/IMG_20200203_072932.jpg?resize=2048%2C1536&amp;ssl=1 2048w, https:\/\/i0.wp.com\/rugra-rdr.com\/wp-content\/uploads\/2025\/04\/IMG_20200203_072932.jpg?resize=1200%2C900&amp;ssl=1 1200w, https:\/\/i0.wp.com\/rugra-rdr.com\/wp-content\/uploads\/2025\/04\/IMG_20200203_072932.jpg?resize=800%2C600&amp;ssl=1 800w, https:\/\/i0.wp.com\/rugra-rdr.com\/wp-content\/uploads\/2025\/04\/IMG_20200203_072932.jpg?resize=600%2C450&amp;ssl=1 600w, https:\/\/i0.wp.com\/rugra-rdr.com\/wp-content\/uploads\/2025\/04\/IMG_20200203_072932.jpg?resize=400%2C300&amp;ssl=1 400w, https:\/\/i0.wp.com\/rugra-rdr.com\/wp-content\/uploads\/2025\/04\/IMG_20200203_072932.jpg?resize=200%2C150&amp;ssl=1 200w, https:\/\/i0.wp.com\/rugra-rdr.com\/wp-content\/uploads\/2025\/04\/IMG_20200203_072932.jpg?w=3000&amp;ssl=1 3000w\" sizes=\"auto, (max-width: 1000px) 100vw, 1000px\" \/><\/figure>\n\n\n\n<div class=\"wp-block-group is-vertical is-nowrap is-layout-flex wp-container-core-group-is-layout-8c058a69 wp-block-group-is-layout-flex\">\n<h3 class=\"wp-block-heading\">Modular and portable Processor<\/h3>\n<\/div>\n<\/div>\n<\/div>\n<\/div>\n\n\n\n<h3 class=\"wp-block-heading\"><strong>Comparison between Original PPI VS. Modernised PPI<\/strong><\/h3>\n\n\n\n<div class=\"wp-block-group is-layout-constrained wp-block-group-is-layout-constrained\">\n<div class=\"wp-block-columns is-layout-flex wp-container-core-columns-is-layout-7387b849 wp-block-columns-is-layout-flex\">\n<div class=\"wp-block-column is-layout-flow wp-block-column-is-layout-flow\" style=\"flex-basis:100%\">\n<div class=\"wp-block-group is-layout-constrained wp-block-group-is-layout-constrained\">\n<div class=\"wp-block-columns is-layout-flex wp-container-core-columns-is-layout-7387b849 wp-block-columns-is-layout-flex\">\n<div class=\"wp-block-column is-layout-flow wp-block-column-is-layout-flow\" style=\"flex-basis:25%\">\n<p class=\"wp-block-paragraph\">PPI modernisation with layers for:<\/p>\n\n\n\n<p class=\"wp-block-paragraph\">Targets<\/p>\n\n\n\n<p class=\"wp-block-paragraph\">Clutter<\/p>\n\n\n\n<p class=\"wp-block-paragraph\">Maps<\/p>\n<\/div>\n\n\n\n<div class=\"wp-block-column is-layout-flow wp-block-column-is-layout-flow\" style=\"flex-basis:50%\">\n<figure class=\"wp-block-jetpack-image-compare\"><div class=\"juxtapose\" data-mode=\"horizontal\"><img loading=\"lazy\" decoding=\"async\" id=\"150\" src=\"https:\/\/i0.wp.com\/rugra-rdr.com\/wp-content\/uploads\/2025\/04\/IMG_20200220_121118-rotated.jpg?ssl=1\" alt=\"\" width=\"3000\" height=\"4000\" class=\"image-compare__image-before\"\/><img loading=\"lazy\" decoding=\"async\" id=\"152\" src=\"https:\/\/i0.wp.com\/rugra-rdr.com\/wp-content\/uploads\/2025\/04\/ppim1-copia2.png?ssl=1\" alt=\"\" width=\"583\" height=\"578\" class=\"image-compare__image-after\"\/><\/div><\/figure>\n<\/div>\n\n\n\n<div class=\"wp-block-column is-layout-flow wp-block-column-is-layout-flow\" style=\"flex-basis:25%\"><\/div>\n<\/div>\n<\/div>\n<\/div>\n<\/div>\n<\/div>\n<\/div>\n\n\n<h2 style=\"font-size: 30px;letter-spacing: 0px;text-transform: None;font-family: -apple-system, BlinkMacSystemFont, Segoe UI, Roboto, Oxygen-Sans, Ubuntu, Cantarell, Helvetica Neue, sans-serif;font-weight: Normal;line-height: 39px\" class=\"ub_advanced_heading wp-block-ub-advanced-heading\" id=\"ub-advanced-heading-c827c181-867e-4bf5-a27b-124719963afa\" data-blockid=\"c827c181-867e-4bf5-a27b-124719963afa\"><strong>Oerlikon's Radar Multiple System Integration Software development<\/strong><\/h2>\n\n\n<figure class=\"wp-block-video aligncenter wp-block-embed is-type-video is-provider-videopress\"><div class=\"wp-block-embed__wrapper\" style=\"max-width:792px;margin:auto\">\n<div class=\"ast-oembed-container\" style=\"height: 100%;\"><iframe title=\"VideoPress Video Player\" aria-label='VideoPress Video Player' width='500' height='283' src='https:\/\/videopress.com\/embed\/60MtzarM?cover=1&amp;preloadContent=metadata&amp;useAverageColor=1&amp;hd=0' frameborder='0' allowfullscreen data-resize-to-parent=\"true\" allow='clipboard-write'><\/iframe><script src='https:\/\/v0.wordpress.com\/js\/next\/videopress-iframe.js?m=1739540970'><\/script><\/div>\n<\/div><\/figure>","protected":false},"excerpt":{"rendered":"<p>Modernizaci\u00f3n de Sistema de Radar Oerlikon Se realizo reparaci\u00f3n mec\u00e1nica, el\u00e9ctrica y desarrollo de nuevos prosadores de radar basados en [&hellip;]<\/p>\n","protected":false},"author":240894959,"featured_media":0,"parent":0,"menu_order":0,"comment_status":"closed","ping_status":"closed","template":"","meta":{"_crdt_document":"","site-sidebar-layout":"default","site-content-layout":"","ast-site-content-layout":"","site-content-style":"default","site-sidebar-style":"default","ast-global-header-display":"","ast-banner-title-visibility":"","ast-main-header-display":"","ast-hfb-above-header-display":"","ast-hfb-below-header-display":"","ast-hfb-mobile-header-display":"","site-post-title":"disabled","ast-breadcrumbs-content":"","ast-featured-img":"","footer-sml-layout":"","theme-transparent-header-meta":"","adv-header-id-meta":"","stick-header-meta":"","header-above-stick-meta":"","header-main-stick-meta":"","header-below-stick-meta":"","astra-migrate-meta-layouts":"default","ast-page-background-enabled":"default","ast-page-background-meta":{"desktop":{"background-color":"var(--ast-global-color-5)","background-image":"","background-repeat":"repeat","background-position":"center center","background-size":"auto","background-attachment":"scroll","background-type":"","background-media":"","overlay-type":"","overlay-color":"","overlay-opacity":"","overlay-gradient":""},"tablet":{"background-color":"","background-image":"","background-repeat":"repeat","background-position":"center center","background-size":"auto","background-attachment":"scroll","background-type":"","background-media":"","overlay-type":"","overlay-color":"","overlay-opacity":"","overlay-gradient":""},"mobile":{"background-color":"","background-image":"","background-repeat":"repeat","background-position":"center center","background-size":"auto","background-attachment":"scroll","background-type":"","background-media":"","overlay-type":"","overlay-color":"","overlay-opacity":"","overlay-gradient":""}},"ast-content-background-meta":{"desktop":{"background-color":"var(--ast-global-color-4)","background-image":"","background-repeat":"repeat","background-position":"center center","background-size":"auto","background-attachment":"scroll","background-type":"","background-media":"","overlay-type":"","overlay-color":"","overlay-opacity":"","overlay-gradient":""},"tablet":{"background-color":"var(--ast-global-color-4)","background-image":"","background-repeat":"repeat","background-position":"center center","background-size":"auto","background-attachment":"scroll","background-type":"","background-media":"","overlay-type":"","overlay-color":"","overlay-opacity":"","overlay-gradient":""},"mobile":{"background-color":"var(--ast-global-color-4)","background-image":"","background-repeat":"repeat","background-position":"center center","background-size":"auto","background-attachment":"scroll","background-type":"","background-media":"","overlay-type":"","overlay-color":"","overlay-opacity":"","overlay-gradient":""}},"advanced_seo_description":"","jetpack_seo_html_title":"","jetpack_seo_noindex":false,"footnotes":""},"class_list":["post-41","page","type-page","status-publish","hentry"],"featured_image_src":null,"jetpack_likes_enabled":true,"jetpack_sharing_enabled":true,"jetpack_shortlink":"https:\/\/wp.me\/Pfbitn-F","jetpack-related-posts":[{"id":75,"url":"https:\/\/rugra-rdr.com\/en_en\/acerca-de\/","url_meta":{"origin":41,"position":0},"title":"About","author":"hectormoyaunda","date":"15 de April de 2025","format":false,"excerpt":"RUGRA Repairing Upgrading Global Radar Advance RUGRA es una iniciativa que nace de un grupo de profesionales y profesores jubilados y formados en la Escuela Polit\u00e9cnica del Ejercito (1985-1997) y la Universidad de las Fuerzas Armadas ESPE (2019-2020). Durante el conflicto armado con uno de nuestros vecinos en la d\u00e9cada\u2026","rel":"","context":"Similar post","block_context":{"text":"Similar post","link":""},"img":{"alt_text":"","src":"https:\/\/i0.wp.com\/rugra-rdr.com\/wp-content\/uploads\/2025\/04\/insert-RUGRA-here-3.png?resize=350%2C200&ssl=1","width":350,"height":200,"srcset":"https:\/\/i0.wp.com\/rugra-rdr.com\/wp-content\/uploads\/2025\/04\/insert-RUGRA-here-3.png?resize=350%2C200&ssl=1 1x, https:\/\/i0.wp.com\/rugra-rdr.com\/wp-content\/uploads\/2025\/04\/insert-RUGRA-here-3.png?resize=525%2C300&ssl=1 1.5x"},"classes":[]},{"id":25,"url":"https:\/\/rugra-rdr.com\/en_en\/team\/","url_meta":{"origin":41,"position":1},"title":"Our Team","author":"hectormoyaunda","date":"15 de April de 2025","format":false,"excerpt":"Nuestro equipo Rub\u00e9n Le\u00f3n CEO Rub\u00e9n Le\u00f3n V\u00e1squez, fue profesor universitario de 3er y 4to nivel en el periodo 1985 - 2022. Su experiencia en Procesamiento Digital de Se\u00f1ales Estoc\u00e1sticas, Telecomunicaciones para Sistemas de Defensa y afici\u00f3n por el Electromagnetismo, han permitido estructuras y desarrollar soluciones tecnol\u00f3gicas soberanas en radares\u2026","rel":"","context":"Similar post","block_context":{"text":"Similar post","link":""},"img":{"alt_text":"","src":"https:\/\/i0.wp.com\/rugra-rdr.com\/wp-content\/uploads\/2025\/05\/Imagen-de-WhatsApp-2025-04-21-a-las-21.24.47_9f6f1e7e.jpg?resize=350%2C200&ssl=1","width":350,"height":200,"srcset":"https:\/\/i0.wp.com\/rugra-rdr.com\/wp-content\/uploads\/2025\/05\/Imagen-de-WhatsApp-2025-04-21-a-las-21.24.47_9f6f1e7e.jpg?resize=350%2C200&ssl=1 1x, https:\/\/i0.wp.com\/rugra-rdr.com\/wp-content\/uploads\/2025\/05\/Imagen-de-WhatsApp-2025-04-21-a-las-21.24.47_9f6f1e7e.jpg?resize=525%2C300&ssl=1 1.5x, https:\/\/i0.wp.com\/rugra-rdr.com\/wp-content\/uploads\/2025\/05\/Imagen-de-WhatsApp-2025-04-21-a-las-21.24.47_9f6f1e7e.jpg?resize=700%2C400&ssl=1 2x, https:\/\/i0.wp.com\/rugra-rdr.com\/wp-content\/uploads\/2025\/05\/Imagen-de-WhatsApp-2025-04-21-a-las-21.24.47_9f6f1e7e.jpg?resize=1050%2C600&ssl=1 3x, https:\/\/i0.wp.com\/rugra-rdr.com\/wp-content\/uploads\/2025\/05\/Imagen-de-WhatsApp-2025-04-21-a-las-21.24.47_9f6f1e7e.jpg?resize=1400%2C800&ssl=1 4x"},"classes":[]}],"_links":{"self":[{"href":"https:\/\/rugra-rdr.com\/en_en\/wp-json\/wp\/v2\/pages\/41","targetHints":{"allow":["GET"]}}],"collection":[{"href":"https:\/\/rugra-rdr.com\/en_en\/wp-json\/wp\/v2\/pages"}],"about":[{"href":"https:\/\/rugra-rdr.com\/en_en\/wp-json\/wp\/v2\/types\/page"}],"author":[{"embeddable":true,"href":"https:\/\/rugra-rdr.com\/en_en\/wp-json\/wp\/v2\/users\/240894959"}],"replies":[{"embeddable":true,"href":"https:\/\/rugra-rdr.com\/en_en\/wp-json\/wp\/v2\/comments?post=41"}],"version-history":[{"count":16,"href":"https:\/\/rugra-rdr.com\/en_en\/wp-json\/wp\/v2\/pages\/41\/revisions"}],"predecessor-version":[{"id":200,"href":"https:\/\/rugra-rdr.com\/en_en\/wp-json\/wp\/v2\/pages\/41\/revisions\/200"}],"wp:attachment":[{"href":"https:\/\/rugra-rdr.com\/en_en\/wp-json\/wp\/v2\/media?parent=41"}],"curies":[{"name":"wp","href":"https:\/\/api.w.org\/{rel}","templated":true}]}}