{"id":25,"date":"2025-04-15T00:36:22","date_gmt":"2025-04-15T04:36:22","guid":{"rendered":"https:\/\/rugra-rdr.com\/?page_id=25"},"modified":"2025-06-28T16:20:40","modified_gmt":"2025-06-28T20:20:40","slug":"team","status":"publish","type":"page","link":"https:\/\/rugra-rdr.com\/en_en\/team\/","title":{"rendered":"Our Team"},"content":{"rendered":"<p class=\"wp-block-paragraph\"><\/p>\n\n\n\n<div class=\"wp-block-group alignfull is-style-section-3 is-content-justification-center is-layout-constrained wp-block-group-is-layout-constrained\" style=\"margin-top:0;margin-bottom:0;padding-top:var(--wp--preset--spacing--50);padding-bottom:var(--wp--preset--spacing--30)\">\n<div class=\"wp-block-columns alignwide is-layout-flex wp-container-core-columns-is-layout-7387b849 wp-block-columns-is-layout-flex\">\n<div class=\"wp-block-column is-layout-flow wp-block-column-is-layout-flow\" style=\"flex-basis:50%\">\n<h2 class=\"wp-block-heading has-text-align-left\">Our Team<\/h2>\n<\/div>\n\n\n\n<div class=\"wp-block-column is-layout-flow wp-block-column-is-layout-flow\" style=\"flex-basis:50%\">\n<div class=\"wp-block-group is-layout-grid wp-container-core-group-is-layout-369c121f wp-block-group-is-layout-grid\">\n<div class=\"wp-block-group is-layout-flow wp-block-group-is-layout-flow\">\n<figure class=\"wp-block-image size-full\"><img data-recalc-dims=\"1\" loading=\"lazy\" decoding=\"async\" width=\"1456\" height=\"1551\" data-attachment-id=\"236\" data-permalink=\"https:\/\/rugra-rdr.com\/en_en\/team\/imagen-de-whatsapp-2025-04-21-a-las-21-24-47_9f6f1e7e\/\" data-orig-file=\"https:\/\/i0.wp.com\/rugra-rdr.com\/wp-content\/uploads\/2025\/05\/Imagen-de-WhatsApp-2025-04-21-a-las-21.24.47_9f6f1e7e.jpg?fit=1456%2C1551&amp;ssl=1\" data-orig-size=\"1456,1551\" data-comments-opened=\"1\" data-image-meta=\"{&quot;aperture&quot;:&quot;0&quot;,&quot;credit&quot;:&quot;&quot;,&quot;camera&quot;:&quot;&quot;,&quot;caption&quot;:&quot;&quot;,&quot;created_timestamp&quot;:&quot;0&quot;,&quot;copyright&quot;:&quot;&quot;,&quot;focal_length&quot;:&quot;0&quot;,&quot;iso&quot;:&quot;0&quot;,&quot;shutter_speed&quot;:&quot;0&quot;,&quot;title&quot;:&quot;&quot;,&quot;orientation&quot;:&quot;0&quot;}\" data-image-title=\"Imagen de WhatsApp 2025-04-21 a las 21.24.47_9f6f1e7e\" data-image-description=\"\" data-image-caption=\"\" data-large-file=\"https:\/\/i0.wp.com\/rugra-rdr.com\/wp-content\/uploads\/2025\/05\/Imagen-de-WhatsApp-2025-04-21-a-las-21.24.47_9f6f1e7e.jpg?fit=961%2C1024&amp;ssl=1\" src=\"https:\/\/i0.wp.com\/rugra-rdr.com\/wp-content\/uploads\/2025\/05\/Imagen-de-WhatsApp-2025-04-21-a-las-21.24.47_9f6f1e7e.jpg?resize=1456%2C1551&#038;ssl=1\" alt=\"\" class=\"wp-image-236\" style=\"aspect-ratio:1;object-fit:cover\" srcset=\"https:\/\/i0.wp.com\/rugra-rdr.com\/wp-content\/uploads\/2025\/05\/Imagen-de-WhatsApp-2025-04-21-a-las-21.24.47_9f6f1e7e.jpg?w=1456&amp;ssl=1 1456w, https:\/\/i0.wp.com\/rugra-rdr.com\/wp-content\/uploads\/2025\/05\/Imagen-de-WhatsApp-2025-04-21-a-las-21.24.47_9f6f1e7e.jpg?resize=282%2C300&amp;ssl=1 282w, https:\/\/i0.wp.com\/rugra-rdr.com\/wp-content\/uploads\/2025\/05\/Imagen-de-WhatsApp-2025-04-21-a-las-21.24.47_9f6f1e7e.jpg?resize=961%2C1024&amp;ssl=1 961w, https:\/\/i0.wp.com\/rugra-rdr.com\/wp-content\/uploads\/2025\/05\/Imagen-de-WhatsApp-2025-04-21-a-las-21.24.47_9f6f1e7e.jpg?resize=768%2C818&amp;ssl=1 768w, https:\/\/i0.wp.com\/rugra-rdr.com\/wp-content\/uploads\/2025\/05\/Imagen-de-WhatsApp-2025-04-21-a-las-21.24.47_9f6f1e7e.jpg?resize=1442%2C1536&amp;ssl=1 1442w, https:\/\/i0.wp.com\/rugra-rdr.com\/wp-content\/uploads\/2025\/05\/Imagen-de-WhatsApp-2025-04-21-a-las-21.24.47_9f6f1e7e.jpg?resize=11%2C12&amp;ssl=1 11w, https:\/\/i0.wp.com\/rugra-rdr.com\/wp-content\/uploads\/2025\/05\/Imagen-de-WhatsApp-2025-04-21-a-las-21.24.47_9f6f1e7e.jpg?resize=1200%2C1278&amp;ssl=1 1200w\" sizes=\"auto, (max-width: 1000px) 100vw, 1000px\" \/><\/figure>\n\n\n\n<div class=\"wp-block-group is-layout-flow wp-container-core-group-is-layout-5c573f76 wp-block-group-is-layout-flow\">\n<h3 class=\"wp-block-heading\">Rub\u00e9n Le\u00f3n<\/h3>\n\n\n\n<p class=\"wp-block-paragraph\">CEO<\/p>\n<\/div>\n\n\n\n<p class=\"wp-block-paragraph\">Rub\u00e9n Le\u00f3n V\u00e1squez, fue profesor universitario de 3er y 4to nivel en el periodo 1985 &#8211; 2022. Su experiencia en Procesamiento Digital de Se\u00f1ales Estoc\u00e1sticas, Telecomunicaciones para Sistemas de Defensa y afici\u00f3n por el Electromagnetismo, han permitido estructuras y desarrollar soluciones tecnol\u00f3gicas soberanas en radares como Ratac, Oerlikon y AN\/TPS70 (1996 &#8211; 2023), en sistemas EW para COMINT &#8211; JAMMING (1996 &#8211; 1997), as\u00ed como Sistemas de Seguridad en tiempo real para el Monitoreo Vehicular del sector petrolero (1999 &#8211; 2014). Posterior al 2020, la integraci\u00f3n del GaN a los SSPA y el uso de Machine &amp; Deep Learning, han guiado el proyecto para la construcci\u00f3n del 1er radar AESA hecho&nbsp;en&nbsp;Ecuador.<\/p>\n\n\n\n<div style=\"height:var(--wp--preset--spacing--20)\" aria-hidden=\"true\" class=\"wp-block-spacer\"><\/div>\n<\/div>\n\n\n\n<div class=\"wp-block-group is-layout-constrained wp-block-group-is-layout-constrained\">\n<figure class=\"wp-block-image size-full\"><img data-recalc-dims=\"1\" loading=\"lazy\" decoding=\"async\" width=\"284\" height=\"310\" data-attachment-id=\"125\" data-permalink=\"https:\/\/rugra-rdr.com\/en_en\/team\/hectorm\/\" data-orig-file=\"https:\/\/i0.wp.com\/rugra-rdr.com\/wp-content\/uploads\/2025\/04\/HectorM.jpeg?fit=284%2C310&amp;ssl=1\" data-orig-size=\"284,310\" data-comments-opened=\"1\" data-image-meta=\"{&quot;aperture&quot;:&quot;0&quot;,&quot;credit&quot;:&quot;&quot;,&quot;camera&quot;:&quot;&quot;,&quot;caption&quot;:&quot;&quot;,&quot;created_timestamp&quot;:&quot;0&quot;,&quot;copyright&quot;:&quot;&quot;,&quot;focal_length&quot;:&quot;0&quot;,&quot;iso&quot;:&quot;0&quot;,&quot;shutter_speed&quot;:&quot;0&quot;,&quot;title&quot;:&quot;&quot;,&quot;orientation&quot;:&quot;0&quot;}\" data-image-title=\"HectorM\" data-image-description=\"\" data-image-caption=\"\" data-large-file=\"https:\/\/i0.wp.com\/rugra-rdr.com\/wp-content\/uploads\/2025\/04\/HectorM.jpeg?fit=284%2C310&amp;ssl=1\" src=\"https:\/\/i0.wp.com\/rugra-rdr.com\/wp-content\/uploads\/2025\/04\/HectorM.jpeg?resize=284%2C310&#038;ssl=1\" alt=\"\" class=\"wp-image-125\" style=\"aspect-ratio:1;object-fit:cover\" srcset=\"https:\/\/i0.wp.com\/rugra-rdr.com\/wp-content\/uploads\/2025\/04\/HectorM.jpeg?w=284&amp;ssl=1 284w, https:\/\/i0.wp.com\/rugra-rdr.com\/wp-content\/uploads\/2025\/04\/HectorM.jpeg?resize=275%2C300&amp;ssl=1 275w\" sizes=\"auto, (max-width: 284px) 100vw, 284px\" \/><\/figure>\n\n\n\n<div class=\"wp-block-group is-layout-flow wp-container-core-group-is-layout-5c573f76 wp-block-group-is-layout-flow\">\n<h3 class=\"wp-block-heading\">H\u00e9ctor Moya<\/h3>\n\n\n\n<p class=\"wp-block-paragraph\">CTO<\/p>\n<\/div>\n\n\n\n<p class=\"wp-block-paragraph\">H\u00e9ctor Moya Unda is an Electronic Engineer and Software developer with over 20 years of experience in high-impact technology projects. His career encompasses the modernization of radar systems, development of spectrum monitoring systems, and the creation of innovative integrated solutions.<br>He has successfully led initiatives such as the digitization of long- and short-range radar systems, design of advanced algorithms for target detection and tracking, and the integration of georeferenced digital maps into intuitive user interfaces. Additionally, his experience includes the development of vehicle monitoring systems, monitoring of cocoa fermentation and drying processes, and the processing of images captured by UAVs.<\/p>\n\n\n\n<div style=\"height:var(--wp--preset--spacing--20)\" aria-hidden=\"true\" class=\"wp-block-spacer\"><\/div>\n<\/div>\n\n\n\n<div class=\"wp-block-group is-layout-constrained wp-block-group-is-layout-constrained\">\n<figure class=\"wp-block-image size-full\"><img data-recalc-dims=\"1\" loading=\"lazy\" decoding=\"async\" width=\"512\" height=\"512\" data-attachment-id=\"126\" data-permalink=\"https:\/\/rugra-rdr.com\/en_en\/team\/alexist\/\" data-orig-file=\"https:\/\/i0.wp.com\/rugra-rdr.com\/wp-content\/uploads\/2025\/04\/AlexisT.jpg?fit=512%2C512&amp;ssl=1\" data-orig-size=\"512,512\" data-comments-opened=\"1\" data-image-meta=\"{&quot;aperture&quot;:&quot;0&quot;,&quot;credit&quot;:&quot;&quot;,&quot;camera&quot;:&quot;&quot;,&quot;caption&quot;:&quot;&quot;,&quot;created_timestamp&quot;:&quot;0&quot;,&quot;copyright&quot;:&quot;&quot;,&quot;focal_length&quot;:&quot;0&quot;,&quot;iso&quot;:&quot;0&quot;,&quot;shutter_speed&quot;:&quot;0&quot;,&quot;title&quot;:&quot;&quot;,&quot;orientation&quot;:&quot;0&quot;}\" data-image-title=\"AlexisT\" data-image-description=\"\" data-image-caption=\"\" data-large-file=\"https:\/\/i0.wp.com\/rugra-rdr.com\/wp-content\/uploads\/2025\/04\/AlexisT.jpg?fit=512%2C512&amp;ssl=1\" src=\"https:\/\/i0.wp.com\/rugra-rdr.com\/wp-content\/uploads\/2025\/04\/AlexisT.jpg?resize=512%2C512&#038;ssl=1\" alt=\"\" class=\"wp-image-126\" style=\"aspect-ratio:1;object-fit:cover\" srcset=\"https:\/\/i0.wp.com\/rugra-rdr.com\/wp-content\/uploads\/2025\/04\/AlexisT.jpg?w=512&amp;ssl=1 512w, https:\/\/i0.wp.com\/rugra-rdr.com\/wp-content\/uploads\/2025\/04\/AlexisT.jpg?resize=300%2C300&amp;ssl=1 300w, https:\/\/i0.wp.com\/rugra-rdr.com\/wp-content\/uploads\/2025\/04\/AlexisT.jpg?resize=150%2C150&amp;ssl=1 150w, https:\/\/i0.wp.com\/rugra-rdr.com\/wp-content\/uploads\/2025\/04\/AlexisT.jpg?resize=400%2C400&amp;ssl=1 400w, https:\/\/i0.wp.com\/rugra-rdr.com\/wp-content\/uploads\/2025\/04\/AlexisT.jpg?resize=200%2C200&amp;ssl=1 200w\" sizes=\"auto, (max-width: 512px) 100vw, 512px\" \/><\/figure>\n\n\n\n<div class=\"wp-block-group is-layout-flow wp-container-core-group-is-layout-5c573f76 wp-block-group-is-layout-flow\">\n<h3 class=\"wp-block-heading\">Alexis Tinoco<\/h3>\n\n\n\n<p class=\"wp-block-paragraph\">CSA<\/p>\n<\/div>\n\n\n\n<p class=\"wp-block-paragraph\">Alexis F. Tinoco-S., profesor universitario de 3er y 4to nivel desde 1995 hasta la actualidad. Sus \u00e1reas de inter\u00e9s est\u00e1n relacionadas al electromagnetismo aplicado; con \u00e9nfasis en circuiter\u00eda pasiva y activa de RF y teor\u00eda de antenas, especialmente, en antenas de microcinta. Ingeniero electr\u00f3nico por la Escuela Polit\u00e9cnica del Ejercito (ESPE \u2013 1994), Doctor y Mestre en ciencias, \u00e1rea de concentraci\u00f3n Telecomunicaciones, por el Instituto Tecnol\u00f3gico de Aeron\u00e1utica \u2013 SJ dos Campos, Brasil (ITA: 2011 y 1997). Actualmente es docente de la Universidad de Las Am\u00e9rica \u2013 UDLA, fue profesor no titular de la Universidad de las Fuerzas Armadas (ESPE: 2017 &#8211; 2022), profesor Adjunto del Instituto Tecnol\u00f3gico de Aeron\u00e1utica, SJ dos Campos \u2013 Brasil (ITA: 2005-2016) y profesor de la Escuela Polit\u00e9cnica del Ejercito (ESPE: 1995 \u2013 1997). Profesionalmente, ha participado de varios proyectos financiados por CNPq, AEB, FINEP, FAPESP y CAPES. Proyectos donde actu\u00f3 como investigador colaborador y como coordinador de proyecto. Entre los principales proyectos en los cuales ha participado tenemos: recuperaci\u00f3n del radar AN\/TPS70, recuperaci\u00f3n del radar Oerlikon, antenas para el sistema de telemetr\u00eda del sat\u00e9lite universitario ITASAT-TC&amp;MT, antena para el sistema de comunicaci\u00f3n global SINAV, dise\u00f1o e implementaci\u00f3n del sistemas EW para COMINT \u2013 JAMMING, recuperaci\u00f3n del radar Ratac. Ha publicado m\u00e1s de una decena de art\u00edculos cient\u00edficos en revistas t\u00e9cnicas especializadas, tres cap\u00edtulos de libros, m\u00e1s de cincuenta art\u00edculos en congresos y simposios nacionales e internacionales. Revisor ad-hoc de varios congresos y revistas internacionales como: EuCap, IEEE Antennas and Propagation Magazine, IET Microwaves, Antennas &amp; Propagation, IEEE Latin America Transactions, entre otras.<\/p>\n\n\n\n<div style=\"height:var(--wp--preset--spacing--20)\" aria-hidden=\"true\" class=\"wp-block-spacer\"><\/div>\n<\/div>\n\n\n\n<div class=\"wp-block-group is-layout-constrained wp-block-group-is-layout-constrained\">\n<figure class=\"wp-block-image size-full\"><img data-recalc-dims=\"1\" loading=\"lazy\" decoding=\"async\" width=\"1736\" height=\"1824\" data-attachment-id=\"127\" data-permalink=\"https:\/\/rugra-rdr.com\/en_en\/team\/fernanl\/\" data-orig-file=\"https:\/\/i0.wp.com\/rugra-rdr.com\/wp-content\/uploads\/2025\/04\/FernanL.png?fit=1736%2C1824&amp;ssl=1\" data-orig-size=\"1736,1824\" data-comments-opened=\"1\" data-image-meta=\"{&quot;aperture&quot;:&quot;0&quot;,&quot;credit&quot;:&quot;&quot;,&quot;camera&quot;:&quot;&quot;,&quot;caption&quot;:&quot;&quot;,&quot;created_timestamp&quot;:&quot;0&quot;,&quot;copyright&quot;:&quot;&quot;,&quot;focal_length&quot;:&quot;0&quot;,&quot;iso&quot;:&quot;0&quot;,&quot;shutter_speed&quot;:&quot;0&quot;,&quot;title&quot;:&quot;&quot;,&quot;orientation&quot;:&quot;0&quot;}\" data-image-title=\"FernanL\" data-image-description=\"\" data-image-caption=\"\" data-large-file=\"https:\/\/i0.wp.com\/rugra-rdr.com\/wp-content\/uploads\/2025\/04\/FernanL.png?fit=975%2C1024&amp;ssl=1\" src=\"https:\/\/i0.wp.com\/rugra-rdr.com\/wp-content\/uploads\/2025\/04\/FernanL.png?resize=1736%2C1824&#038;ssl=1\" alt=\"\" class=\"wp-image-127\" style=\"aspect-ratio:1;object-fit:cover\" srcset=\"https:\/\/i0.wp.com\/rugra-rdr.com\/wp-content\/uploads\/2025\/04\/FernanL.png?w=1736&amp;ssl=1 1736w, https:\/\/i0.wp.com\/rugra-rdr.com\/wp-content\/uploads\/2025\/04\/FernanL.png?resize=286%2C300&amp;ssl=1 286w, https:\/\/i0.wp.com\/rugra-rdr.com\/wp-content\/uploads\/2025\/04\/FernanL.png?resize=975%2C1024&amp;ssl=1 975w, https:\/\/i0.wp.com\/rugra-rdr.com\/wp-content\/uploads\/2025\/04\/FernanL.png?resize=768%2C807&amp;ssl=1 768w, https:\/\/i0.wp.com\/rugra-rdr.com\/wp-content\/uploads\/2025\/04\/FernanL.png?resize=1462%2C1536&amp;ssl=1 1462w, https:\/\/i0.wp.com\/rugra-rdr.com\/wp-content\/uploads\/2025\/04\/FernanL.png?resize=1200%2C1261&amp;ssl=1 1200w\" sizes=\"auto, (max-width: 1000px) 100vw, 1000px\" \/><\/figure>\n\n\n\n<div class=\"wp-block-group is-layout-flow wp-container-core-group-is-layout-5c573f76 wp-block-group-is-layout-flow\">\n<h3 class=\"wp-block-heading\">Fernando Lara<\/h3>\n\n\n\n<p class=\"wp-block-paragraph\">CIO<\/p>\n<\/div>\n\n\n\n<p class=\"wp-block-paragraph\">Fernando Lara es Ingeniero en Electr\u00f3nica y Telecomunicaciones, con una Maestr\u00eda en Investigaci\u00f3n en Electr\u00f3nica con menci\u00f3n en Telecomunicaciones por la Universidad de las Fuerzas Armadas ESPE. Cuenta con s\u00f3lida experiencia docente en instituciones como la Universidad de las Fuerzas Armadas ESPE, Escuela Polit\u00e9cnica Nacional EPN y la Universidad de Las Am\u00e9ricas UDLA. Ha participado en proyectos de modernizaci\u00f3n de sistemas radar como Oerlikon y TPS-70, consolidando su trayectoria en el \u00e1mbito tecnol\u00f3gico y de defensa. Sus intereses profesionales incluyen la investigaci\u00f3n del procesamiento digital de se\u00f1ales y la aplicaci\u00f3n de inteligencia artificial al desarrollo de procesadores de radar, as\u00ed como el an\u00e1lisis de se\u00f1ales s\u00edsmicas y de audio.<\/p>\n\n\n\n<div style=\"height:var(--wp--preset--spacing--20)\" aria-hidden=\"true\" class=\"wp-block-spacer\"><\/div>\n<\/div>\n<\/div>\n<\/div>\n<\/div>\n<\/div>","protected":false},"excerpt":{"rendered":"<p>Nuestro equipo Rub\u00e9n Le\u00f3n CEO Rub\u00e9n Le\u00f3n V\u00e1squez, fue profesor universitario de 3er y 4to nivel en el periodo 1985 [&hellip;]<\/p>\n","protected":false},"author":240894959,"featured_media":0,"parent":0,"menu_order":0,"comment_status":"closed","ping_status":"closed","template":"","meta":{"_crdt_document":"","site-sidebar-layout":"default","site-content-layout":"","ast-site-content-layout":"","site-content-style":"default","site-sidebar-style":"default","ast-global-header-display":"","ast-banner-title-visibility":"","ast-main-header-display":"","ast-hfb-above-header-display":"","ast-hfb-below-header-display":"","ast-hfb-mobile-header-display":"","site-post-title":"disabled","ast-breadcrumbs-content":"","ast-featured-img":"","footer-sml-layout":"","theme-transparent-header-meta":"","adv-header-id-meta":"","stick-header-meta":"","header-above-stick-meta":"","header-main-stick-meta":"","header-below-stick-meta":"","astra-migrate-meta-layouts":"default","ast-page-background-enabled":"default","ast-page-background-meta":{"desktop":{"background-color":"var(--ast-global-color-5)","background-image":"","background-repeat":"repeat","background-position":"center center","background-size":"auto","background-attachment":"scroll","background-type":"","background-media":"","overlay-type":"","overlay-color":"","overlay-opacity":"","overlay-gradient":""},"tablet":{"background-color":"","background-image":"","background-repeat":"repeat","background-position":"center center","background-size":"auto","background-attachment":"scroll","background-type":"","background-media":"","overlay-type":"","overlay-color":"","overlay-opacity":"","overlay-gradient":""},"mobile":{"background-color":"","background-image":"","background-repeat":"repeat","background-position":"center center","background-size":"auto","background-attachment":"scroll","background-type":"","background-media":"","overlay-type":"","overlay-color":"","overlay-opacity":"","overlay-gradient":""}},"ast-content-background-meta":{"desktop":{"background-color":"var(--ast-global-color-4)","background-image":"","background-repeat":"repeat","background-position":"center center","background-size":"auto","background-attachment":"scroll","background-type":"","background-media":"","overlay-type":"","overlay-color":"","overlay-opacity":"","overlay-gradient":""},"tablet":{"background-color":"var(--ast-global-color-4)","background-image":"","background-repeat":"repeat","background-position":"center center","background-size":"auto","background-attachment":"scroll","background-type":"","background-media":"","overlay-type":"","overlay-color":"","overlay-opacity":"","overlay-gradient":""},"mobile":{"background-color":"var(--ast-global-color-4)","background-image":"","background-repeat":"repeat","background-position":"center center","background-size":"auto","background-attachment":"scroll","background-type":"","background-media":"","overlay-type":"","overlay-color":"","overlay-opacity":"","overlay-gradient":""}},"advanced_seo_description":"","jetpack_seo_html_title":"","jetpack_seo_noindex":false,"footnotes":""},"class_list":["post-25","page","type-page","status-publish","hentry"],"featured_image_src":null,"jetpack_likes_enabled":true,"jetpack_sharing_enabled":true,"jetpack_shortlink":"https:\/\/wp.me\/Pfbitn-p","jetpack-related-posts":[{"id":98,"url":"https:\/\/rugra-rdr.com\/en_en\/uav\/","url_meta":{"origin":25,"position":0},"title":"UAV","author":"hectormoyaunda","date":"15 de April de 2025","format":false,"excerpt":"RUGRA desarrolla software e implementa equipos de comunicaci\u00f3n a medida para comunicaciones entre estaciones terrestres y UAV o entre UAV\u00b4s. https:\/\/videopress.com\/v\/Mm8icACc?resizeToParent=true&cover=true&preloadContent=metadata&useAverageColor=true El hardware que puede ser implementado en UAV incluye equipos de: C\u00e1maras de video Equipos para moniroreo espectral Equipos de eSigInt https:\/\/videopress.com\/v\/ag1sIpFJ?resizeToParent=true&cover=true&preloadContent=metadata&useAverageColor=true","rel":"","context":"Similar post","block_context":{"text":"Similar post","link":""},"img":{"alt_text":"","src":"https:\/\/i0.wp.com\/rugra-rdr.com\/wp-content\/uploads\/2025\/04\/insert-RUGRA-here-3.png?resize=350%2C200&ssl=1","width":350,"height":200,"srcset":"https:\/\/i0.wp.com\/rugra-rdr.com\/wp-content\/uploads\/2025\/04\/insert-RUGRA-here-3.png?resize=350%2C200&ssl=1 1x, https:\/\/i0.wp.com\/rugra-rdr.com\/wp-content\/uploads\/2025\/04\/insert-RUGRA-here-3.png?resize=525%2C300&ssl=1 1.5x"},"classes":[]},{"id":80,"url":"https:\/\/rugra-rdr.com\/en_en\/servicios\/","url_meta":{"origin":25,"position":1},"title":"Services","author":"hectormoyaunda","date":"15 de April de 2025","format":false,"excerpt":"Servicios Dise\u00f1o de Soluciones Tecnol\u00f3gicas En RUGRA desarrollamos soluciones avanzadas en equipamiento para la defensa, soporte y ataque electr\u00f3nico. Nuestro enfoque combina ingenier\u00eda de alto nivel con visi\u00f3n operativa, dise\u00f1ando tecnolog\u00edas a medida para entornos exigentes. Ofrecemos sistemas personalizados que incluyen monitoreo espectral, estimaci\u00f3n de direcci\u00f3n de llegada (DoA), direcci\u00f3n\u2026","rel":"","context":"Similar post","block_context":{"text":"Similar post","link":""},"img":{"alt_text":"","src":"https:\/\/i0.wp.com\/rugra-rdr.com\/wp-content\/uploads\/2025\/04\/IMG-20220414-WA0003-copia.jpg?resize=350%2C200&ssl=1","width":350,"height":200,"srcset":"https:\/\/i0.wp.com\/rugra-rdr.com\/wp-content\/uploads\/2025\/04\/IMG-20220414-WA0003-copia.jpg?resize=350%2C200&ssl=1 1x, https:\/\/i0.wp.com\/rugra-rdr.com\/wp-content\/uploads\/2025\/04\/IMG-20220414-WA0003-copia.jpg?resize=525%2C300&ssl=1 1.5x, https:\/\/i0.wp.com\/rugra-rdr.com\/wp-content\/uploads\/2025\/04\/IMG-20220414-WA0003-copia.jpg?resize=700%2C400&ssl=1 2x, https:\/\/i0.wp.com\/rugra-rdr.com\/wp-content\/uploads\/2025\/04\/IMG-20220414-WA0003-copia.jpg?resize=1050%2C600&ssl=1 3x"},"classes":[]},{"id":54,"url":"https:\/\/rugra-rdr.com\/en_en\/prototipos\/","url_meta":{"origin":25,"position":2},"title":"Prototypes","author":"hectormoyaunda","date":"15 de April de 2025","format":false,"excerpt":"Prototipos En RUGRA estamos comprometidos con la investigaci\u00f3n y desarrollo continuo de soluciones tecnol\u00f3gicas avanzadas para escenarios operacionales modernos. Nuestro trabajo se centra en el dise\u00f1o y validaci\u00f3n de sistemas que integran inteligencia artificial, control digital y capacidades electromagn\u00e9ticas de \u00faltima generaci\u00f3n. Desarrollamos tecnolog\u00edas como: Nuevos sistemas de radar de\u2026","rel":"","context":"Similar post","block_context":{"text":"Similar post","link":""},"img":{"alt_text":"","src":"https:\/\/i0.wp.com\/rugra-rdr.com\/wp-content\/uploads\/2025\/05\/IMG20231019083000.jpg?resize=350%2C200&ssl=1","width":350,"height":200,"srcset":"https:\/\/i0.wp.com\/rugra-rdr.com\/wp-content\/uploads\/2025\/05\/IMG20231019083000.jpg?resize=350%2C200&ssl=1 1x, https:\/\/i0.wp.com\/rugra-rdr.com\/wp-content\/uploads\/2025\/05\/IMG20231019083000.jpg?resize=525%2C300&ssl=1 1.5x, https:\/\/i0.wp.com\/rugra-rdr.com\/wp-content\/uploads\/2025\/05\/IMG20231019083000.jpg?resize=700%2C400&ssl=1 2x, https:\/\/i0.wp.com\/rugra-rdr.com\/wp-content\/uploads\/2025\/05\/IMG20231019083000.jpg?resize=1050%2C600&ssl=1 3x, https:\/\/i0.wp.com\/rugra-rdr.com\/wp-content\/uploads\/2025\/05\/IMG20231019083000.jpg?resize=1400%2C800&ssl=1 4x"},"classes":[]}],"_links":{"self":[{"href":"https:\/\/rugra-rdr.com\/en_en\/wp-json\/wp\/v2\/pages\/25","targetHints":{"allow":["GET"]}}],"collection":[{"href":"https:\/\/rugra-rdr.com\/en_en\/wp-json\/wp\/v2\/pages"}],"about":[{"href":"https:\/\/rugra-rdr.com\/en_en\/wp-json\/wp\/v2\/types\/page"}],"author":[{"embeddable":true,"href":"https:\/\/rugra-rdr.com\/en_en\/wp-json\/wp\/v2\/users\/240894959"}],"replies":[{"embeddable":true,"href":"https:\/\/rugra-rdr.com\/en_en\/wp-json\/wp\/v2\/comments?post=25"}],"version-history":[{"count":12,"href":"https:\/\/rugra-rdr.com\/en_en\/wp-json\/wp\/v2\/pages\/25\/revisions"}],"predecessor-version":[{"id":310,"href":"https:\/\/rugra-rdr.com\/en_en\/wp-json\/wp\/v2\/pages\/25\/revisions\/310"}],"wp:attachment":[{"href":"https:\/\/rugra-rdr.com\/en_en\/wp-json\/wp\/v2\/media?parent=25"}],"curies":[{"name":"wp","href":"https:\/\/api.w.org\/{rel}","templated":true}]}}